{"id":6674,"date":"2022-04-11T18:06:44","date_gmt":"2022-04-11T16:06:44","guid":{"rendered":"http:\/\/sulisitsisut.gl\/isumalioqatigiissitat-ataatsimiititaliat\/"},"modified":"2025-08-26T12:59:00","modified_gmt":"2025-08-26T10:59:00","slug":"isumalioqatigiissitat-ataatsimiititaliat","status":"publish","type":"page","link":"https:\/\/sulisitsisut.gl\/kl\/isumalioqatigiissitat-ataatsimiititaliat\/","title":{"rendered":"Isumalioqatigiissitat &#038; Ataatsimiititaliat"},"content":{"rendered":"\n<h2 class=\"wp-block-heading\">Siulersuisut<\/h2>\n\n<p><strong>Erninermut atatillugu aningaasaateqarfik &#8211; Amaat<\/strong><br\/>Siulittaasup Tullia, Karsten Lyberth-Klausen<br\/>Najaaraq Petersen<\/p>\n\n<p><strong>CSR Greenland<\/strong><br\/>Siulittaasoq Christian Keldsen<\/p>\n\n<p><strong>Kalaallit Nunaanni Eqqumiitsuliornermut aningaasaateqarfik<\/strong><br\/>Siulittaasoq, Julia Pars<\/p>\n\n<p><strong>Kalaallit Nunaata soraarnerussutisiaqalernissamut aningaasaateqarfia SISA<\/strong><br\/>Karsten Lyberth-Klausen<br\/>Christian Keldsen (sinniisoq)<\/p>\n\n<p><strong>Pinngortitaleriffik<\/strong><br\/>Christian Keldsen<\/p>\n\n<h2 class=\"wp-block-heading\">Isumalioqatigiissitat &amp; Ataatsimiititaliat<\/h2>\n\n<p><strong>Suliffigissaarneq pillugu siunnersuisoqatigiit<\/strong><br\/>Bent S\u00f8rensen<\/p>\n\n<p><strong>Akileraarusiinermik aaliangiisartut<\/strong><br\/>Dora Drechsel<br\/>John Jakobsen<\/p>\n\n<p><strong>Aalisarneq pillugu siunnersuisoqatigiit<\/strong><br\/>Bent S\u00f8rensen<br\/>Franz Heilmann<br\/>Henrik Leth<\/p>\n\n<p><strong>Pinerlutsaaliornermut siunnersuisoqatigiit &#8211; Pisiu<\/strong><br\/>Kirsten \u00d8rgaard<\/p>\n\n<p><strong>Neqerooruteqartitsinermi Maalaaruteqartarfik<\/strong><br\/>Janus Sch\u00e4dler Honor\u00e9<\/p>\n\n<p><strong>Neqerooruteqartitsisarnermi maalaaruteqartarfik<\/strong><br\/>Anita Hoffer<\/p>\n\n<p><strong>Naligiisitaanissamut siunnersuisooqatigiit<\/strong><br\/>Britta Keldsen<\/p>\n\n<p><strong>Det Nationale Arbejdsmarkedsr\u00e5d<\/strong><br\/>Dan Sivertsen<br\/>Karsten Lyberth-Klausen<\/p>\n\n<p><strong>Imarsiorneq pillugu ataatsimiititaliaq<\/strong><br\/>Bent S\u00f8rensen<br\/>Anders Lykke Laursen<\/p>\n\n<p><strong>Ophugningsudvalget<\/strong><br\/>Bent S\u00f8rensen<\/p>\n","protected":false},"excerpt":{"rendered":"<p>Siulersuisut Erninermut atatillugu aningaasaateqarfik &#8211; AmaatSiulittaasup Tullia, Karsten Lyberth-KlausenNajaaraq Petersen CSR GreenlandSiulittaasoq Christian Keldsen Kalaallit Nunaanni Eqqumiitsuliornermut aningaasaateqarfikSiulittaasoq, Julia Pars Kalaallit Nunaata soraarnerussutisiaqalernissamut aningaasaateqarfia SISAKarsten Lyberth-KlausenChristian Keldsen (sinniisoq) PinngortitaleriffikChristian Keldsen Isumalioqatigiissitat &amp; Ataatsimiititaliat Suliffigissaarneq pillugu siunnersuisoqatigiitBent S\u00f8rensen Akileraarusiinermik aaliangiisartutDora DrechselJohn Jakobsen Aalisarneq pillugu siunnersuisoqatigiitBent S\u00f8rensenFranz HeilmannHenrik Leth Pinerlutsaaliornermut siunnersuisoqatigiit &#8211; PisiuKirsten \u00d8rgaard Neqerooruteqartitsinermi MaalaaruteqartarfikJanus Sch\u00e4dler&#8230;<\/p>\n","protected":false},"author":2,"featured_media":0,"parent":0,"menu_order":0,"comment_status":"closed","ping_status":"closed","template":"","meta":{"_acf_changed":false,"footnotes":""},"kategorier_sider":[33],"class_list":["post-6674","page","type-page","status-publish","hentry","kategorier_sider-sidebar-social-widget"],"acf":[],"_links":{"self":[{"href":"https:\/\/sulisitsisut.gl\/kl\/wp-json\/wp\/v2\/pages\/6674","targetHints":{"allow":["GET"]}}],"collection":[{"href":"https:\/\/sulisitsisut.gl\/kl\/wp-json\/wp\/v2\/pages"}],"about":[{"href":"https:\/\/sulisitsisut.gl\/kl\/wp-json\/wp\/v2\/types\/page"}],"author":[{"embeddable":true,"href":"https:\/\/sulisitsisut.gl\/kl\/wp-json\/wp\/v2\/users\/2"}],"replies":[{"embeddable":true,"href":"https:\/\/sulisitsisut.gl\/kl\/wp-json\/wp\/v2\/comments?post=6674"}],"version-history":[{"count":6,"href":"https:\/\/sulisitsisut.gl\/kl\/wp-json\/wp\/v2\/pages\/6674\/revisions"}],"predecessor-version":[{"id":16487,"href":"https:\/\/sulisitsisut.gl\/kl\/wp-json\/wp\/v2\/pages\/6674\/revisions\/16487"}],"wp:attachment":[{"href":"https:\/\/sulisitsisut.gl\/kl\/wp-json\/wp\/v2\/media?parent=6674"}],"wp:term":[{"taxonomy":"kategorier_sider","embeddable":true,"href":"https:\/\/sulisitsisut.gl\/kl\/wp-json\/wp\/v2\/kategorier_sider?post=6674"}],"curies":[{"name":"wp","href":"https:\/\/api.w.org\/{rel}","templated":true}]}}