{"id":4146,"date":"2022-01-12T06:34:32","date_gmt":"2022-01-12T05:34:32","guid":{"rendered":"http:\/\/sulisitsisut.gl\/saqqaa\/inuussutissarsiornermi-siuarsaaneq\/"},"modified":"2025-03-24T11:53:26","modified_gmt":"2025-03-24T10:53:26","slug":"inuussutissarsiornermi-siuarsaaneq","status":"publish","type":"page","link":"https:\/\/sulisitsisut.gl\/kl\/saqqaa\/inuussutissarsiornermi-siuarsaaneq\/","title":{"rendered":"Inuussutissarsiornermi siuarsaaneq"},"content":{"rendered":"\n<h2 class=\"wp-block-heading\">Inuussutissarsiornermi siuarsaaneq<\/h2>\n\n<p>Inuussutissarsiutit pioreersut nutaallu inuussutissarsiutigineqarnerisa ineriartortinneqarnerannut Sulisitsisut suliniuteqaqataanissamut pisussaaffeqarpoq, inuussutisarsiutit nutaat uani pineqartut tassaapput aatsitassarsiorneq, uuliasiorneq\/gassisiorneq aammal kalaallit nerisassaataannik tunisassiorneq. Taamaalilluni ilisimasanik katersineq ilisimasallu iluaqutiginissaat, suleqatissarsiorneq aammalu assigiinngitsunik suliffiutillit suliffeqarfiillu pillugit nunani tamalaani attavissarsiornissaq Sulisitsisut suliarai. Taamaaliorpoq kalaallit suliffeqarfiutaasa siunissami piumasaqaataalersussanut sapinngisamik pitsaanerpaamik atugaqalernissaat anguniarlugu.<\/p>\n\n<h2 class=\"wp-block-heading\">Rapporter<\/h2>\n\n<h3 class=\"wp-block-heading\">Fremtidsscenarier<\/h3>\n\n<div class=\"wp-block-file\"><a id=\"wp-block-file--media-f8fdf1cb-a292-4f32-ab03-f7b9c5b26ce9\" href=\"https:\/\/sulisitsisut.gl\/wp-content\/uploads\/2022\/07\/Fremtidsscenarie-praesentation-1-3.pptx\">Fremtidsscenarie pr\u00e6sentation<\/a><a href=\"https:\/\/sulisitsisut.gl\/wp-content\/uploads\/2022\/07\/Fremtidsscenarie-praesentation-1-3.pptx\" class=\"wp-block-file__button\" download=\"\" aria-describedby=\"wp-block-file--media-f8fdf1cb-a292-4f32-ab03-f7b9c5b26ce9\">Download<\/a><\/div>\n\n<div class=\"wp-block-file\"><a id=\"wp-block-file--media-4ded8cfb-d669-4f10-a02d-ad26d8e5de4d\" href=\"https:\/\/sulisitsisut.gl\/wp-content\/uploads\/2022\/07\/Groenland-kalaallisut-1.0.pptx\">Fremtidsscenarier pr\u00e6sentation kalaallisut<\/a><a href=\"https:\/\/sulisitsisut.gl\/wp-content\/uploads\/2022\/07\/Groenland-kalaallisut-1.0.pptx\" class=\"wp-block-file__button\" download=\"\" aria-describedby=\"wp-block-file--media-4ded8cfb-d669-4f10-a02d-ad26d8e5de4d\">Download<\/a><\/div>\n\n<div class=\"wp-block-file\"><a id=\"wp-block-file--media-40e60bd5-b4fb-4687-bbd7-086275f059f6\" href=\"https:\/\/sulisitsisut.gl\/wp-content\/uploads\/2022\/07\/Fremtidsscenarier-Hvad-skal-vi-bruge-det-til-praesentation-3.pptx\">Fremtidsscenarier &#8211; Hvad skal vi bruge det til pr\u00e6sentation<\/a><a href=\"https:\/\/sulisitsisut.gl\/wp-content\/uploads\/2022\/07\/Fremtidsscenarier-Hvad-skal-vi-bruge-det-til-praesentation-3.pptx\" class=\"wp-block-file__button\" download=\"\" aria-describedby=\"wp-block-file--media-40e60bd5-b4fb-4687-bbd7-086275f059f6\">Download<\/a><\/div>\n\n<div class=\"wp-block-file\"><a id=\"wp-block-file--media-6b2965ab-3460-4dc6-bf14-98ed2c4c8f86\" href=\"https:\/\/sulisitsisut.gl\/wp-content\/uploads\/2022\/07\/Fremtidsscenarier.pdf\">Fremtidsscenarier<\/a><a href=\"https:\/\/sulisitsisut.gl\/wp-content\/uploads\/2022\/07\/Fremtidsscenarier.pdf\" class=\"wp-block-file__button\" download=\"\" aria-describedby=\"wp-block-file--media-6b2965ab-3460-4dc6-bf14-98ed2c4c8f86\">Download<\/a><\/div>\n\n<div class=\"wp-block-file\"><a id=\"wp-block-file--media-86806eaf-2904-4830-9b9f-0de98b8f7449\" href=\"https:\/\/sulisitsisut.gl\/wp-content\/uploads\/2022\/07\/Fremtidsscenarier_eng.pdf\">Fremtidsscenarier engelsk version<\/a><a href=\"https:\/\/sulisitsisut.gl\/wp-content\/uploads\/2022\/07\/Fremtidsscenarier_eng.pdf\" class=\"wp-block-file__button\" download=\"\" aria-describedby=\"wp-block-file--media-86806eaf-2904-4830-9b9f-0de98b8f7449\">Download<\/a><\/div>\n\n<h3 class=\"wp-block-heading\">\u00d8konomisk selvst\u00e6ndighed<\/h3>\n\n<div class=\"wp-block-file\"><a id=\"wp-block-file--media-946889c6-aa5f-4350-a775-392c48868696\" href=\"https:\/\/sulisitsisut.gl\/wp-content\/uploads\/2022\/07\/Okonomisk-selvstaendighed.pdf\">\u00d8konomisk selvst\u00e6ndighed<\/a><a href=\"https:\/\/sulisitsisut.gl\/wp-content\/uploads\/2022\/07\/Okonomisk-selvstaendighed.pdf\" class=\"wp-block-file__button\" download=\"\" aria-describedby=\"wp-block-file--media-946889c6-aa5f-4350-a775-392c48868696\">Download<\/a><\/div>\n\n<h3 class=\"wp-block-heading\">R\u00e5stoffer og b\u00e6redygtig \u00f8konomisk v\u00e6kst<\/h3>\n\n<div class=\"wp-block-file\"><a id=\"wp-block-file--media-6ce63811-dc41-40f2-b8f4-385b26a70d0a\" href=\"https:\/\/sulisitsisut.gl\/wp-content\/uploads\/2022\/07\/Rastoffer-og-baeredygtig-okonomisk-vaekst_dansk.pdf\">Rastoffer og b\u00e6redygtig \u00f8konomisk v\u00e6kst &#8211; dansk<\/a><a href=\"https:\/\/sulisitsisut.gl\/wp-content\/uploads\/2022\/07\/Rastoffer-og-baeredygtig-okonomisk-vaekst_dansk.pdf\" class=\"wp-block-file__button\" download=\"\" aria-describedby=\"wp-block-file--media-6ce63811-dc41-40f2-b8f4-385b26a70d0a\">Download<\/a><\/div>\n\n<div class=\"wp-block-file\"><a id=\"wp-block-file--media-2b3cb91f-4d76-4639-a827-5438976b0663\" href=\"https:\/\/sulisitsisut.gl\/wp-content\/uploads\/2022\/07\/Rastoffer-og-baeredygtig-okonomisk-vaekst_eng.pdf\">Rastoffer og b\u00e6redygtig \u00f8konomisk v\u00e6kst &#8211; engelsk<\/a><a href=\"https:\/\/sulisitsisut.gl\/wp-content\/uploads\/2022\/07\/Rastoffer-og-baeredygtig-okonomisk-vaekst_eng.pdf\" class=\"wp-block-file__button\" download=\"\" aria-describedby=\"wp-block-file--media-2b3cb91f-4d76-4639-a827-5438976b0663\">Download<\/a><\/div>\n\n<h3 class=\"wp-block-heading\">Den samfunds\u00f8konomiske v\u00e6rdi af fiskerierhvervet<\/h3>\n\n<div class=\"wp-block-file\"><a id=\"wp-block-file--media-dec4ee01-5e44-4f07-8bdc-da0b27de8bf8\" href=\"https:\/\/sulisitsisut.gl\/wp-content\/uploads\/2022\/07\/Den-samfundsoekonomiske-vaerdi-af-fiskerierhvervet-22-oktober-2013.pdf\">Den samfunds\u00f8konomiske v\u00e6rdi af fiskerierhvervet<\/a><a href=\"https:\/\/sulisitsisut.gl\/wp-content\/uploads\/2022\/07\/Den-samfundsoekonomiske-vaerdi-af-fiskerierhvervet-22-oktober-2013.pdf\" class=\"wp-block-file__button\" download=\"\" aria-describedby=\"wp-block-file--media-dec4ee01-5e44-4f07-8bdc-da0b27de8bf8\">Download<\/a><\/div>\n\n<h3 class=\"wp-block-heading\">Demokratiske processer i forbindelse med h\u00f8ringer af storskala projekter<\/h3>\n\n<div class=\"wp-block-file\"><a id=\"wp-block-file--media-8717f7c6-cfbc-43b9-bb22-c55a7478e83b\" href=\"https:\/\/sulisitsisut.gl\/wp-content\/uploads\/2022\/07\/Demokrati-rapport-DK.pdf\">Demokrati rapport &#8211; dansk<\/a><a href=\"https:\/\/sulisitsisut.gl\/wp-content\/uploads\/2022\/07\/Demokrati-rapport-DK.pdf\" class=\"wp-block-file__button\" download=\"\" aria-describedby=\"wp-block-file--media-8717f7c6-cfbc-43b9-bb22-c55a7478e83b\">Download<\/a><\/div>\n\n<div class=\"wp-block-file\"><a id=\"wp-block-file--media-c536b22d-e420-4c5d-9b93-fc025c9a662a\" href=\"https:\/\/sulisitsisut.gl\/wp-content\/uploads\/2022\/07\/Demokrati-sammendrag-af-hovedrapport-DK.pdf\">Demokrati sammendrag af hovedrapport &#8211; dansk<\/a><a href=\"https:\/\/sulisitsisut.gl\/wp-content\/uploads\/2022\/07\/Demokrati-sammendrag-af-hovedrapport-DK.pdf\" class=\"wp-block-file__button\" download=\"\" aria-describedby=\"wp-block-file--media-c536b22d-e420-4c5d-9b93-fc025c9a662a\">Download<\/a><\/div>\n\n<div class=\"wp-block-file\"><a id=\"wp-block-file--media-c88cd8c7-ea54-41b3-9edc-1a5f65baa985\" href=\"https:\/\/sulisitsisut.gl\/wp-content\/uploads\/2022\/07\/Demokrati-minirapport-DK-web.pdf\">Demokrati minirapport &#8211; dansk<\/a><a href=\"https:\/\/sulisitsisut.gl\/wp-content\/uploads\/2022\/07\/Demokrati-minirapport-DK-web.pdf\" class=\"wp-block-file__button\" download=\"\" aria-describedby=\"wp-block-file--media-c88cd8c7-ea54-41b3-9edc-1a5f65baa985\">Download<\/a><\/div>\n\n<div class=\"wp-block-file\"><a id=\"wp-block-file--media-fb00d052-d988-4fcc-b38d-72125529bea1\" href=\"https:\/\/sulisitsisut.gl\/wp-content\/uploads\/2022\/07\/Demokrati-minirapport-UK-web.pdf\">Demokrati minirapport &#8211; engelsk<\/a><a href=\"https:\/\/sulisitsisut.gl\/wp-content\/uploads\/2022\/07\/Demokrati-minirapport-UK-web.pdf\" class=\"wp-block-file__button\" download=\"\" aria-describedby=\"wp-block-file--media-fb00d052-d988-4fcc-b38d-72125529bea1\">Download<\/a><\/div>\n","protected":false},"excerpt":{"rendered":"<p>Inuussutissarsiornermi siuarsaaneq Inuussutissarsiutit pioreersut nutaallu inuussutissarsiutigineqarnerisa ineriartortinneqarnerannut Sulisitsisut suliniuteqaqataanissamut pisussaaffeqarpoq, inuussutisarsiutit nutaat uani pineqartut tassaapput aatsitassarsiorneq, uuliasiorneq\/gassisiorneq aammal kalaallit nerisassaataannik tunisassiorneq. Taamaalilluni ilisimasanik katersineq ilisimasallu iluaqutiginissaat, suleqatissarsiorneq aammalu assigiinngitsunik suliffiutillit suliffeqarfiillu pillugit nunani tamalaani attavissarsiornissaq Sulisitsisut suliarai. Taamaaliorpoq kalaallit suliffeqarfiutaasa siunissami piumasaqaataalersussanut sapinngisamik pitsaanerpaamik atugaqalernissaat anguniarlugu. Rapporter Fremtidsscenarier \u00d8konomisk selvst\u00e6ndighed R\u00e5stoffer og b\u00e6redygtig \u00f8konomisk v\u00e6kst&#8230;<\/p>\n","protected":false},"author":2,"featured_media":0,"parent":4142,"menu_order":0,"comment_status":"closed","ping_status":"closed","template":"","meta":{"_acf_changed":false,"footnotes":""},"kategorier_sider":[32],"class_list":["post-4146","page","type-page","status-publish","hentry","kategorier_sider-sidebar"],"acf":[],"_links":{"self":[{"href":"https:\/\/sulisitsisut.gl\/kl\/wp-json\/wp\/v2\/pages\/4146","targetHints":{"allow":["GET"]}}],"collection":[{"href":"https:\/\/sulisitsisut.gl\/kl\/wp-json\/wp\/v2\/pages"}],"about":[{"href":"https:\/\/sulisitsisut.gl\/kl\/wp-json\/wp\/v2\/types\/page"}],"author":[{"embeddable":true,"href":"https:\/\/sulisitsisut.gl\/kl\/wp-json\/wp\/v2\/users\/2"}],"replies":[{"embeddable":true,"href":"https:\/\/sulisitsisut.gl\/kl\/wp-json\/wp\/v2\/comments?post=4146"}],"version-history":[{"count":7,"href":"https:\/\/sulisitsisut.gl\/kl\/wp-json\/wp\/v2\/pages\/4146\/revisions"}],"predecessor-version":[{"id":15815,"href":"https:\/\/sulisitsisut.gl\/kl\/wp-json\/wp\/v2\/pages\/4146\/revisions\/15815"}],"up":[{"embeddable":true,"href":"https:\/\/sulisitsisut.gl\/kl\/wp-json\/wp\/v2\/pages\/4142"}],"wp:attachment":[{"href":"https:\/\/sulisitsisut.gl\/kl\/wp-json\/wp\/v2\/media?parent=4146"}],"wp:term":[{"taxonomy":"kategorier_sider","embeddable":true,"href":"https:\/\/sulisitsisut.gl\/kl\/wp-json\/wp\/v2\/kategorier_sider?post=4146"}],"curies":[{"name":"wp","href":"https:\/\/api.w.org\/{rel}","templated":true}]}}