{"id":4090,"date":"2022-01-12T04:09:24","date_gmt":"2022-01-12T03:09:24","guid":{"rendered":"http:\/\/sulisitsisut.gl\/aatsitassanut-ataatsimiitsitaliaq\/"},"modified":"2026-02-24T13:38:35","modified_gmt":"2026-02-24T12:38:35","slug":"aatsitassanut-ataatsimiitsitaliaq","status":"publish","type":"page","link":"https:\/\/sulisitsisut.gl\/kl\/sulisitsisut-pillugu\/brancheni-ataatsimiitsitaliat\/aatsitassanut-ataatsimiitsitaliaq\/","title":{"rendered":"Aatsitassanut ataatsimiitsitaliaq"},"content":{"rendered":"\n<h2 class=\"wp-block-heading\"><\/h2>\n\n\n\n<p><strong>Atatsimiititaliap sulinermini makku anguniagarai:<\/strong><\/p>\n\n\n\n<ul class=\"wp-block-list\">\n<li>Ataatsimiititaliap suliniutigaa, pisortat eqaatsumik, piffissaq ungasissoq isigalugu  illuliassanik sanaartortitassanillu suliakkiisarnissaata anguneqarnissaa angujumallugu sulisunik teknikkikkullu periarfissanik pitsaasumik atuilluni ingerlatsisoqarnissaa, tamatut iliornikkut akitigut nikerarnerit pakkersimaarsinnaajumallugit taamatullu iliornikkut suliffeqarfiit ataasiakkaat, inuiaqatigiillu tamakkiisumik isigalugit, aningaasaqarniarnikkut ingerlaneri nukittorsarumallugit.  Aammalu piffissaq ungasissoq isigalugu pilersaarusiornerup ataatsimiititaliap anguniagai ikorfartussavai, tassalu siammasissumik isigalugu, inuussutissarsiornikkut ineriartortitsinissamut atatillugu ilinniartussanik amerlanerusunik tigooqqaasinnaalernissaq, tamanna nassuerutigineqartutut tassaammat pisariaqarluinnartuusoq namminersulivinnissaq anguneqassappat.<\/li>\n\n\n\n<li>Aatsitassanut ataatsimiititaliaq aamma qularnaveeqqusiisuussaaq, pisortat pisussaaffiisa makku iluini ittut malinneqarnissaannut, alliartortillugit, ineriartortillugit allanngujaassassallugillu sulisorineqartut sutigut tamatigut piginnaaninngorsarneqarnissaat \u2013 meeqqat atuarfianniit ilinniarnertuunngorniartunut aammalu  inuussutissarsiornermik ilinniarfinniit ilisimatusarfinni qaffasissunik ilinniaqqiffinnut. Entrepren\u00f8rit, tunisassiortut aammalu aatsitassalerinermik sulialinnut ataatsimiititaliaq isumaqarportaaq, meeqqat atuarfianiit aallartittumik politikkikkut ilinniarfissanik pingaarnersiuinerit Kalaallit Nunaanni periarfissarititaasut, inuiaqatigiinnut pingaaruteqarneri inuiaqatigiillu mianerinissaat aallaavigalugit pissasut. Nunatsinni ilinniarfinnik nutaanillu ilinniarfissanik pilersitsinerni tigumminniinnarlunilu pilersitsinerni inuiaqatigiinni pisariaqartitsinerit oqimaaqatigiissitsiniarnermi tunngaviussapput, isumannaarumallugit periarfissanik pitsaanerpaamik atuinissat aammalu pitsaasumik eqqarsaatigilluagaasumillu ingerlatsinissat.<\/li>\n\n\n\n<li>Aatsitassanut ataatsimiititaliaq sulivoq suliffeqarfiit sulinermik inuussutissarsiuteqartut suleqatigiinnerat nukittorsarumallugu, angujumallugu suliffiusumi pissutsit torersumik isumannaatsumillu ingerlanissaat \u2013 aningaasarsiaqartitsinikkut suliffigiuminartuunikkullu.<\/li>\n<\/ul>\n\n\n\n<div style=\"height:30px\" aria-hidden=\"true\" class=\"wp-block-spacer\"><\/div>\n\n\n\n<h2 class=\"wp-block-heading\" id=\"kontakt\">Attavissaq<\/h2>\n\n\n\n<p>Ilaasortatut piviusunik sammisamik piukkussaqaraanni assigiimmik suliaqarfimmi ataatsimiitsitaliamut soqutiginarsinnaasunik aammalu qaqikkusutanik, taava ataatimiitsitaliap allattaa Dan Sivertsen attavigineqarsinnaavoq mailikkut ugguuna:&nbsp;<a href=\"mailto:lars@ga.gl\">dan@ga.gl<\/a><\/p>\n\n\n\n<div style=\"height:30px\" aria-hidden=\"true\" class=\"wp-block-spacer\"><\/div>\n\n\n\n<h2 class=\"wp-block-heading\" id=\"medlemmer\">Ilaasortat<\/h2>\n\n\n\n<div class=\"wp-block-columns is-layout-flex wp-container-core-columns-is-layout-28f84493 wp-block-columns-is-layout-flex\">\n<div class=\"wp-block-column is-layout-flow wp-block-column-is-layout-flow\">\n<p><strong><strong>Bent Olsvig<\/strong><\/strong><br>Siulittaasoq<strong><br><\/strong>Lumina Sustainable Materials A\/S<br>3900 Nuuk<br>Telefon: +299 49 95 99<br>E-mail: <a href=\"mailto:bent@lumina.gl\">bent@lumina.gl<\/a><\/p>\n<\/div>\n\n\n\n<div class=\"wp-block-column is-layout-flow wp-block-column-is-layout-flow\">\n<p><strong>Mathias Barfod<\/strong><br>Tanbreez Mining Greenland A\/S<br>3900 Nuuk<br>Telefon: +299 58 66 41 M:\u00a0<a href=\"mailto:bolette.nielsen@gbbarnes.com\">mathias.barfod@tanbreez.com<\/a><\/p>\n<\/div>\n\n\n\n<div class=\"wp-block-column is-layout-flow wp-block-column-is-layout-flow\">\n<p><strong>Nauja Bianco<\/strong><br>Greenland Ressources inc<br>3900 Nuuk<br>Telefon + 45 2622 1091 <a href=\"mailto:nb@greenlandressourcesinc.com\">nb@greenlandressourcesinc.com<\/a><br><\/p>\n<\/div>\n<\/div>\n\n\n\n<div class=\"wp-block-columns is-layout-flex wp-container-core-columns-is-layout-28f84493 wp-block-columns-is-layout-flex\">\n<div class=\"wp-block-column is-layout-flow wp-block-column-is-layout-flow\">\n<p><strong>Stefan Bernstein<br><\/strong>Greenroc Mining&nbsp;Plc<br>Imaneq 33<br>3900 Nuuk<br>Telefon: +45 31 20 22 79<br><a href=\"mailto:stefanb@greenrocmining.com\">stefanb@greenrocmining.com<\/a><\/p>\n<\/div>\n\n\n\n<div class=\"wp-block-column is-layout-flow wp-block-column-is-layout-flow\">\n<p><strong>Joan Plant<\/strong><br>Amaroq Minerals<br>C\/O Nuna Advokater ApS<br>3900 Nuuk<br>Telefon: +44 1778570141<br>E-mail: <a href=\"mailto:jp@aexgold.com\">jp@aexgold.com<\/a><\/p>\n<\/div>\n\n\n\n<div class=\"wp-block-column is-layout-flow wp-block-column-is-layout-flow\">\n<p><\/p>\n<\/div>\n<\/div>\n\n\n\n<div class=\"wp-block-columns is-layout-flex wp-container-core-columns-is-layout-28f84493 wp-block-columns-is-layout-flex\">\n<div class=\"wp-block-column is-layout-flow wp-block-column-is-layout-flow\"><\/div>\n\n\n\n<div class=\"wp-block-column is-layout-flow wp-block-column-is-layout-flow\"><\/div>\n<\/div>\n\n\n\n<h2 class=\"wp-block-heading\" id=\"referater\">Imaqarniliat<\/h2>\n\n\n\n<div class=\"wp-block-file\"><a id=\"wp-block-file--media-4b96a65b-7c1a-4b3b-b04d-d62b2e5334c5\" href=\"https:\/\/sulisitsisut.gl\/wp-content\/uploads\/2022\/12\/Minutes-8.-december.pdf\">Imaqarniliaq 8. december 2022<\/a><a href=\"https:\/\/sulisitsisut.gl\/wp-content\/uploads\/2022\/12\/Minutes-8.-december.pdf\" class=\"wp-block-file__button wp-element-button\" download aria-describedby=\"wp-block-file--media-4b96a65b-7c1a-4b3b-b04d-d62b2e5334c5\">Download<\/a><\/div>\n\n\n\n<div class=\"wp-block-file\"><a id=\"wp-block-file--media-18c8f2d1-6584-4751-81d7-6513dcdade74\" href=\"https:\/\/sulisitsisut.gl\/wp-content\/uploads\/2022\/12\/Minutes-19.-october.pdf\">Imaqarniliaq 19. oktober 2022<\/a><a href=\"https:\/\/sulisitsisut.gl\/wp-content\/uploads\/2022\/12\/Minutes-19.-october.pdf\" class=\"wp-block-file__button wp-element-button\" download aria-describedby=\"wp-block-file--media-18c8f2d1-6584-4751-81d7-6513dcdade74\">Download<\/a><\/div>\n\n\n\n<div class=\"wp-block-file\"><a id=\"wp-block-file--media-e8650b09-cebd-49cb-a38f-9939a3211b4b\" href=\"https:\/\/sulisitsisut.gl\/wp-content\/uploads\/2022\/09\/Minutes-6-september-1.pdf\">Imaqarniliaq 6. september 2022<\/a><a href=\"https:\/\/sulisitsisut.gl\/wp-content\/uploads\/2022\/09\/Minutes-6-september-1.pdf\" class=\"wp-block-file__button wp-element-button\" download aria-describedby=\"wp-block-file--media-e8650b09-cebd-49cb-a38f-9939a3211b4b\">Download<\/a><\/div>\n\n\n\n<div class=\"wp-block-file\"><a id=\"wp-block-file--media-9a769836-7ac6-4443-b10b-1785ea4a4951\" href=\"https:\/\/sulisitsisut.gl\/wp-content\/uploads\/2022\/08\/Minutes-August-3.pdf\">Imaqarniliaq 3. august 2022<\/a><a href=\"https:\/\/sulisitsisut.gl\/wp-content\/uploads\/2022\/08\/Minutes-August-3.pdf\" class=\"wp-block-file__button wp-element-button\" download aria-describedby=\"wp-block-file--media-9a769836-7ac6-4443-b10b-1785ea4a4951\">Download<\/a><\/div>\n\n\n\n<div class=\"wp-block-file\"><a id=\"wp-block-file--media-c179b4a3-d990-419f-92c2-4a452dfe5056\" href=\"https:\/\/sulisitsisut.gl\/wp-content\/uploads\/2022\/03\/Minutes-280222-1.0.pdf\">Imaqarniliaq 28. februar 2022<\/a><a href=\"https:\/\/sulisitsisut.gl\/wp-content\/uploads\/2022\/03\/Minutes-280222-1.0.pdf\" class=\"wp-block-file__button wp-element-button\" download aria-describedby=\"wp-block-file--media-c179b4a3-d990-419f-92c2-4a452dfe5056\">Aajuk<\/a><\/div>\n\n\n\n<div class=\"wp-block-file\"><a id=\"wp-block-file--media-c6045bea-9158-46dc-8415-c27712cb3da6\" href=\"https:\/\/sulisitsisut.gl\/wp-content\/uploads\/2022\/01\/Moede-BU-Raastof-100122-1.0.pdf\">Imaqarniliaq 10. januar 2022<\/a><a href=\"https:\/\/sulisitsisut.gl\/wp-content\/uploads\/2022\/01\/Moede-BU-Raastof-100122-1.0.pdf\" class=\"wp-block-file__button wp-element-button\" download aria-describedby=\"wp-block-file--media-c6045bea-9158-46dc-8415-c27712cb3da6\">Aajuk<\/a><\/div>\n\n\n\n<div class=\"wp-block-file\"><a id=\"wp-block-file--media-356faff3-79cf-4c3d-a351-1b5b35c49b95\" href=\"https:\/\/sulisitsisut.gl\/wp-content\/uploads\/2021\/12\/Referat-BU-rastof-18_6_21.docx\">Imaqarniliaq 18. juni 2021<\/a><a href=\"https:\/\/sulisitsisut.gl\/wp-content\/uploads\/2021\/12\/Referat-BU-rastof-18_6_21.docx\" class=\"wp-block-file__button wp-element-button\" download aria-describedby=\"wp-block-file--media-356faff3-79cf-4c3d-a351-1b5b35c49b95\">Aajuk<\/a><\/div>\n\n\n\n<div class=\"wp-block-file\"><a id=\"wp-block-file--media-129ec47a-8d09-4f08-b836-fbdce81a603b\" href=\"https:\/\/sulisitsisut.gl\/wp-content\/uploads\/2021\/12\/Referat-fra-mode-i-Rastofudvalget-onsdag-den-21-oktober-2020-1_0.docx\">Imaqarniliaq 21. oktober 2020<\/a><a href=\"https:\/\/sulisitsisut.gl\/wp-content\/uploads\/2021\/12\/Referat-fra-mode-i-Rastofudvalget-onsdag-den-21-oktober-2020-1_0.docx\" class=\"wp-block-file__button wp-element-button\" download aria-describedby=\"wp-block-file--media-129ec47a-8d09-4f08-b836-fbdce81a603b\">Aajuk<\/a><\/div>\n\n\n\n<div class=\"wp-block-file\"><a id=\"wp-block-file--media-9300aa18-6675-436a-9f76-e2ef5e965c00\" href=\"https:\/\/sulisitsisut.gl\/wp-content\/uploads\/2021\/12\/Referat-af-brancheudvalgsmode-23_-april-2020-4_0.docx\">Imaqarniliaq 23. april 2020<\/a><a href=\"https:\/\/sulisitsisut.gl\/wp-content\/uploads\/2021\/12\/Referat-af-brancheudvalgsmode-23_-april-2020-4_0.docx\" class=\"wp-block-file__button wp-element-button\" download aria-describedby=\"wp-block-file--media-9300aa18-6675-436a-9f76-e2ef5e965c00\">Aajuk<\/a><\/div>\n\n\n\n<div style=\"height:30px\" aria-hidden=\"true\" class=\"wp-block-spacer\"><\/div>\n\n\n\n<h2 class=\"wp-block-heading\" id=\"dokumenter\">Dokumenter<\/h2>\n\n\n\n<div class=\"wp-block-file\"><a id=\"wp-block-file--media-d4eeaac0-f9f7-4109-8f6d-ce1d78924327\" href=\"https:\/\/sulisitsisut.gl\/wp-content\/uploads\/2022\/01\/PUBLISERET-Uddannelser-til-minebranchen-D21-8252-1.0.pdf\">Referat af dialogm\u00f8de vedr\u00f8rende uddannelser til r\u00e5stofbranchen<\/a><a href=\"https:\/\/sulisitsisut.gl\/wp-content\/uploads\/2022\/01\/PUBLISERET-Uddannelser-til-minebranchen-D21-8252-1.0.pdf\" class=\"wp-block-file__button wp-element-button\" download aria-describedby=\"wp-block-file--media-d4eeaac0-f9f7-4109-8f6d-ce1d78924327\">Aajuk<\/a><\/div>\n\n\n\n<div class=\"wp-block-file\"><a id=\"wp-block-file--media-cf7c6e0d-7141-4c95-8725-1c3977ab6693\" href=\"https:\/\/sulisitsisut.gl\/wp-content\/uploads\/2022\/01\/HH_Praesentation_Stef_Rett-1.0.pptx\">Bilag 1<\/a><a href=\"https:\/\/sulisitsisut.gl\/wp-content\/uploads\/2022\/01\/HH_Praesentation_Stef_Rett-1.0.pptx\" class=\"wp-block-file__button wp-element-button\" download aria-describedby=\"wp-block-file--media-cf7c6e0d-7141-4c95-8725-1c3977ab6693\">Aajuk<\/a><\/div>\n\n\n\n<div class=\"wp-block-file\"><a id=\"wp-block-file--media-fe455e18-08e2-4a1b-8774-a7693d60356a\" href=\"https:\/\/sulisitsisut.gl\/wp-content\/uploads\/2022\/01\/Praesentation-omkring-personale-grupper-i-minebranchen-1.0.pptx\">Bilag 2<\/a><a href=\"https:\/\/sulisitsisut.gl\/wp-content\/uploads\/2022\/01\/Praesentation-omkring-personale-grupper-i-minebranchen-1.0.pptx\" class=\"wp-block-file__button wp-element-button\" download aria-describedby=\"wp-block-file--media-fe455e18-08e2-4a1b-8774-a7693d60356a\">Aajuk<\/a><\/div>\n\n\n\n<div class=\"wp-block-file\"><a id=\"wp-block-file--media-301cdb25-0d03-4f06-b290-b9b87141e79a\" href=\"https:\/\/sulisitsisut.gl\/wp-content\/uploads\/2025\/09\/2025-folder-Mineralaktiviteter-i-Gronland-KAL-Endelig.pdf\">2025 folder &#8211; Mineralaktiviteter i Gr\u00f8nland KAL Endelig<\/a><a href=\"https:\/\/sulisitsisut.gl\/wp-content\/uploads\/2025\/09\/2025-folder-Mineralaktiviteter-i-Gronland-KAL-Endelig.pdf\" class=\"wp-block-file__button wp-element-button\" download aria-describedby=\"wp-block-file--media-301cdb25-0d03-4f06-b290-b9b87141e79a\">Download<\/a><\/div>\n","protected":false},"excerpt":{"rendered":"<p>Atatsimiititaliap sulinermini makku anguniagarai: Attavissaq Ilaasortatut piviusunik sammisamik piukkussaqaraanni assigiimmik suliaqarfimmi ataatsimiitsitaliamut soqutiginarsinnaasunik aammalu qaqikkusutanik, taava ataatimiitsitaliap allattaa Dan Sivertsen attavigineqarsinnaavoq mailikkut ugguuna:&nbsp;dan@ga.gl Ilaasortat Bent OlsvigSiulittaasoqLumina Sustainable Materials A\/S3900 NuukTelefon: +299 49 95 99E-mail: bent@lumina.gl Mathias BarfodTanbreez Mining Greenland A\/S3900 NuukTelefon: +299 58 66 41 M:\u00a0mathias.barfod@tanbreez.com Nauja BiancoGreenland Ressources inc3900 NuukTelefon + 45 2622 1091&#8230;<\/p>\n","protected":false},"author":2,"featured_media":0,"parent":4156,"menu_order":0,"comment_status":"closed","ping_status":"closed","template":"","meta":{"_acf_changed":false,"footnotes":""},"kategorier_sider":[33],"class_list":["post-4090","page","type-page","status-publish","hentry","kategorier_sider-sidebar-social-widget"],"acf":[],"_links":{"self":[{"href":"https:\/\/sulisitsisut.gl\/kl\/wp-json\/wp\/v2\/pages\/4090","targetHints":{"allow":["GET"]}}],"collection":[{"href":"https:\/\/sulisitsisut.gl\/kl\/wp-json\/wp\/v2\/pages"}],"about":[{"href":"https:\/\/sulisitsisut.gl\/kl\/wp-json\/wp\/v2\/types\/page"}],"author":[{"embeddable":true,"href":"https:\/\/sulisitsisut.gl\/kl\/wp-json\/wp\/v2\/users\/2"}],"replies":[{"embeddable":true,"href":"https:\/\/sulisitsisut.gl\/kl\/wp-json\/wp\/v2\/comments?post=4090"}],"version-history":[{"count":18,"href":"https:\/\/sulisitsisut.gl\/kl\/wp-json\/wp\/v2\/pages\/4090\/revisions"}],"predecessor-version":[{"id":17872,"href":"https:\/\/sulisitsisut.gl\/kl\/wp-json\/wp\/v2\/pages\/4090\/revisions\/17872"}],"up":[{"embeddable":true,"href":"https:\/\/sulisitsisut.gl\/kl\/wp-json\/wp\/v2\/pages\/4156"}],"wp:attachment":[{"href":"https:\/\/sulisitsisut.gl\/kl\/wp-json\/wp\/v2\/media?parent=4090"}],"wp:term":[{"taxonomy":"kategorier_sider","embeddable":true,"href":"https:\/\/sulisitsisut.gl\/kl\/wp-json\/wp\/v2\/kategorier_sider?post=4090"}],"curies":[{"name":"wp","href":"https:\/\/api.w.org\/{rel}","templated":true}]}}