{"id":4084,"date":"2022-01-12T03:52:10","date_gmt":"2022-01-12T02:52:10","guid":{"rendered":"http:\/\/sulisitsisut.gl\/akunnittarfinnut-neriniartarfiit-takornariaqarnermullu-ataatsimiitsitaliaq\/"},"modified":"2026-04-27T13:09:53","modified_gmt":"2026-04-27T11:09:53","slug":"akunnittarfinnut-neriniartarfiit-takornariaqarnermullu-ataatsimiitsitaliaq","status":"publish","type":"page","link":"https:\/\/sulisitsisut.gl\/kl\/sulisitsisut-pillugu\/brancheni-ataatsimiitsitaliat\/akunnittarfinnut-neriniartarfiit-takornariaqarnermullu-ataatsimiitsitaliaq\/","title":{"rendered":"Akunnittarfiutilinnut, Neriniartarfiutilinnullu ataatsimiitsitaliaq"},"content":{"rendered":"\n<h2 class=\"wp-block-heading\"><\/h2>\n\n\n\n<p><strong>Ataatsimiititaliap sulinermini makku anguniagarai:<\/strong><\/p>\n\n\n\n<ul class=\"wp-block-list\">\n<li>Ataatsimiititaliap qulakkeertarpaa isumaqatigiissuteqartoqartarlunilu malittarisassaliortoqartassasoq, taamaalilluni suliffeqarfiit ilaasortaasut nunani tamalaani kiffartuussinerup pitsaassusiatalu naligilernissaat anguneqarsinnaaqqullugu. Akunnittarfiit assigiinngissutaat, angalatitsiviit isumaqatigiissutaat ileqqorissaarnissamullu malittarisassat tamatumunnga takussutissaapput.<\/li>\n\n\n\n<li>Ataatsimiititaliap akunnittarfiup\/inissialiortup angalatitsinermillu ingerlatsisut\/nunani takornarialerisut suleqatigiinnerat ineriartortillugulu nukittorsarniartarpaa.<\/li>\n\n\n\n<li>Ataatsimiititaliap aamma qulakkeertussaavaa pisortat pisussaaffiisa eqqumaffigineqarnissaat, tassa sulisut piginnaaneqarnerannik ineriartortitsinissaq, pitsanngorsaanissaq aserfallatsaaliuinissarlu \u2014 meeqqat atuarfianniit ilinniarnertuunngorniarfinnut inuussutissarsiornermillu ilinniagaqarfinnut universitetinullu. Aammattaaq suliffeqarfiit isumaqarput politikkikkut ilinniartitaanerup sumi ingerlanneqarnissaa pingaarnersiuineq Kalaallit Nunaanni ilinniartitaanissamut periarfissat, ilinniartitaanerup pitsaassusaa, inuiaqatigiinnut attuumassuteqarnera aammalu inuiaqatigiit aningaasaqarnerannut isumannaallisaaneq tunngavigalugit aalajangiiffigineqartariaqartoq. Ilinniarfiit maani nunamiittut atuuttussanngortinneqassanersut nutaanillu pilersitsisoqassanersoq inuiaqatigiit pisariaqartitaat naapertorlugit aalajangerneqassaaq, ilinniarfiit pitsaanerpaamik atorneqarnissaat aamma piginnaanillit silatusaartumillu ingerlatsinissaat eqqarsaatigalugit.<\/li>\n\n\n\n<li>Ataatsimiititaliap kissaatigaa <a href=\"http:\/\/horista.dk\" data-type=\"link\" data-id=\"horista.dk\">Horesta<\/a>mik suleqateqarnerup ineriartortinneqartuarnissaa, taamaalillunilu suliffeqarfik immikkut ittumik ataatsimullu isigalugu aaqqissuussaanikkut politikkikkullu ilisimasanik isumassarsisitsisinnaaniassammat..<\/li>\n<\/ul>\n\n\n\n<div style=\"height:30px\" aria-hidden=\"true\" class=\"wp-block-spacer\"><\/div>\n\n\n\n<h2 class=\"wp-block-heading\" id=\"kontakt\">Attavissaq<\/h2>\n\n\n\n<p>Ilaasortatut piviusunik sammisamik piukkussaqaraanni assigiimmik suliaqarfimmi ataatsimiitsitaliamut soqutiginarsinnaasunik aammalu qaqikkusutanik, taava ataatimiitsitaliap allattaa Karsten Klausen-Lyberth attavigineqarsinnaavoq mailikkut ugguuna: <a href=\"mailto:evaj@ga.gl\">klausen@ga.gl<\/a> eller Lykke Lynge <a href=\"mailto:lykke@ga.gl\">lykke@ga.gl<\/a><\/p>\n\n\n\n<div style=\"height:30px\" aria-hidden=\"true\" class=\"wp-block-spacer\"><\/div>\n\n\n\n<h2 class=\"wp-block-heading\" id=\"medlemmer\">Ilaasortat<\/h2>\n\n\n\n<div class=\"wp-block-columns is-layout-flex wp-container-core-columns-is-layout-28f84493 wp-block-columns-is-layout-flex\">\n<div class=\"wp-block-column is-layout-flow wp-block-column-is-layout-flow\">\n<p><strong>Siulittaasoq<\/strong><br><strong>Helge Tang<\/strong> <br>Hotel Hans Egede A\/S <br>3900 Nuuk <br>Telefon:&nbsp;+299&nbsp;34&nbsp;80&nbsp;01 <br>E-mail:&nbsp;<a href=\"mailto:ht@godthaab.gl\">ht@hhe.gl<\/a><\/p>\n<\/div>\n\n\n\n<div class=\"wp-block-column is-layout-flow wp-block-column-is-layout-flow\">\n<p><strong>Lisbeth Hansen<\/strong><br>N\u00e6stformand<br>Hotel S\u00f8ma<br>3950 Aasiaat<br>Telefon: +299 23 51 02<br>E-mail: lh@hotels\u00f8ma.gl<\/p>\n<\/div>\n\n\n\n<div class=\"wp-block-column is-layout-flow wp-block-column-is-layout-flow\">\n<p><strong>Klaus Dupont Iversen<\/strong> <br>Hotel Aurora <br>3900 Nuuk <br>Telefon: +299 56 41 00 <br>E-mail: <a href=\"mailto:kdi010376@gmail.com\">kdi010376@gmail.com<\/a><\/p>\n<\/div>\n<\/div>\n\n\n\n<div class=\"wp-block-columns is-layout-flex wp-container-core-columns-is-layout-28f84493 wp-block-columns-is-layout-flex\">\n<div class=\"wp-block-column is-layout-flow wp-block-column-is-layout-flow\">\n<p><strong>Morten Nielsen <\/strong><br>A\/S Hotel Arctic <br>3952 Ilulissat<br>Telefon:+299 53 83 23 <br>E-mail: <a href=\"http:\/\/mnielsen@hotelarctic.gl ,\">mnielsen@hotelarctic.gl <\/a><\/p>\n<\/div>\n\n\n\n<div class=\"wp-block-column is-layout-flow wp-block-column-is-layout-flow\">\n<p><strong>Krissie Winberg<br><\/strong>Caf\u00e9 Esmeralda<br>3900 Nuuk<br>Telefon: +299 48 22 03<br>E-mail: kwinberg@outlook.dk<\/p>\n<\/div>\n\n\n\n<div class=\"wp-block-column is-layout-flow wp-block-column-is-layout-flow\">\n<p><\/p>\n<\/div>\n<\/div>\n\n\n\n<h3 class=\"wp-block-heading\" id=\"suppleanter\">Sinniisussat<br><\/h3>\n\n\n\n<ol class=\"wp-block-list\">\n<li><strong>Sinniisoq<\/strong><br>Jeppe Ejvind Nielsen<br>Brewhouse Greenland A\/S<\/li>\n<\/ol>\n\n\n\n<div class=\"wp-block-columns is-layout-flex wp-container-core-columns-is-layout-28f84493 wp-block-columns-is-layout-flex\">\n<div class=\"wp-block-column is-layout-flow wp-block-column-is-layout-flow\"><\/div>\n<\/div>\n\n\n\n<div class=\"wp-block-columns is-layout-flex wp-container-core-columns-is-layout-28f84493 wp-block-columns-is-layout-flex\">\n<div class=\"wp-block-column is-layout-flow wp-block-column-is-layout-flow\">\n<p><\/p>\n<\/div>\n\n\n\n<div class=\"wp-block-column is-layout-flow wp-block-column-is-layout-flow\"><\/div>\n\n\n\n<div class=\"wp-block-column is-layout-flow wp-block-column-is-layout-flow\"><\/div>\n<\/div>\n\n\n\n<div style=\"height:30px\" aria-hidden=\"true\" class=\"wp-block-spacer\"><\/div>\n\n\n\n<h2 class=\"wp-block-heading\" id=\"referater\">Imaqarniliat<\/h2>\n\n\n\n<p><a href=\"https:\/\/sulisitsisut.gl\/wp-content\/uploads\/2025\/10\/Moedereferat-af-moedet-med-GE-D.06.10.2025.pdf\">M\u00f8dereferat af m\u00f8det med ESANI 06.10.2025<\/a><\/p>\n\n\n\n<p><a href=\"https:\/\/sulisitsisut.gl\/wp-content\/uploads\/2025\/10\/Referat_Brancheudvalgsmoede-BHRT_061025.pdf\">Referat Brancheudvalgsm\u00f8de BHRT 061025<\/a><\/p>\n\n\n\n<p><a href=\"https:\/\/sulisitsisut.gl\/wp-content\/uploads\/2025\/10\/Referat_Brancheudvalgsmoede-BHRT_090924-1.pdf\">Referat_Brancheudvalgsm\u00f8de BHRT_090924<\/a><\/p>\n\n\n\n<div class=\"wp-block-file\"><a id=\"wp-block-file--media-7c54b08b-30bc-44da-bea3-8393ee1e735a\" href=\"https:\/\/sulisitsisut.gl\/wp-content\/uploads\/2025\/06\/Referat_Brancheudvalgs-moede-i-BHRT_100524-2.pdf\">Imaqarniliaq 10. maj 2024 (2)<\/a><a href=\"https:\/\/sulisitsisut.gl\/wp-content\/uploads\/2025\/06\/Referat_Brancheudvalgs-moede-i-BHRT_100524-2.pdf\" class=\"wp-block-file__button wp-element-button\" download aria-describedby=\"wp-block-file--media-7c54b08b-30bc-44da-bea3-8393ee1e735a\">Download<\/a><\/div>\n\n\n\n<div class=\"wp-block-file\"><a id=\"wp-block-file--media-e4f88e0f-07ef-4c1c-9870-0c389a084940\" href=\"https:\/\/sulisitsisut.gl\/wp-content\/uploads\/2024\/03\/Referat_Konstituerende-moede-i-BHRT_120324.pdf\">Imaqarniliaq 12. marts 2024<\/a><a href=\"https:\/\/sulisitsisut.gl\/wp-content\/uploads\/2024\/03\/Referat_Konstituerende-moede-i-BHRT_120324.pdf\" class=\"wp-block-file__button wp-element-button\" download aria-describedby=\"wp-block-file--media-e4f88e0f-07ef-4c1c-9870-0c389a084940\">Aajuk<\/a><\/div>\n\n\n\n<div class=\"wp-block-file\"><a id=\"wp-block-file--media-825f1ed5-0335-43d3-8a21-0f54896428f5\" href=\"https:\/\/sulisitsisut.gl\/wp-content\/uploads\/2023\/02\/referat-29.-november.pdf\">Imaqarniliaq 29. november2022<\/a><a href=\"https:\/\/sulisitsisut.gl\/wp-content\/uploads\/2023\/02\/referat-29.-november.pdf\" class=\"wp-block-file__button wp-element-button\" download aria-describedby=\"wp-block-file--media-825f1ed5-0335-43d3-8a21-0f54896428f5\">Aajuk<\/a><\/div>\n\n\n\n<div class=\"wp-block-file\"><a id=\"wp-block-file--media-b90a2192-101e-40dc-b5bf-df8e1b1825b2\" href=\"https:\/\/sulisitsisut.gl\/wp-content\/uploads\/2023\/02\/Referat-19.-september-2022.pdf\">Imaqarniliaq 19. september 2022<\/a><a href=\"https:\/\/sulisitsisut.gl\/wp-content\/uploads\/2023\/02\/Referat-19.-september-2022.pdf\" class=\"wp-block-file__button wp-element-button\" download aria-describedby=\"wp-block-file--media-b90a2192-101e-40dc-b5bf-df8e1b1825b2\">Aajuk<\/a><\/div>\n\n\n\n<div class=\"wp-block-file\"><a id=\"wp-block-file--media-cb21632e-39f4-44b1-9f1b-3d05f674ed0a\" href=\"https:\/\/sulisitsisut.gl\/wp-content\/uploads\/2023\/02\/Referat-25.-maj-2022.pdf\">Imaqarniliaq 25. maj 2022<\/a><a href=\"https:\/\/sulisitsisut.gl\/wp-content\/uploads\/2023\/02\/Referat-25.-maj-2022.pdf\" class=\"wp-block-file__button wp-element-button\" download aria-describedby=\"wp-block-file--media-cb21632e-39f4-44b1-9f1b-3d05f674ed0a\">Aajuk<\/a><\/div>\n\n\n\n<div class=\"wp-block-file\"><a id=\"wp-block-file--media-c80733a5-1310-4113-8cf1-c7da13ed37d6\" href=\"https:\/\/sulisitsisut.gl\/wp-content\/uploads\/2022\/02\/Referat-BHRT-220222.docx\">Imaqarniliaq 23. februar 2022 Inississorluni ataatsimiinneq<\/a><a href=\"https:\/\/sulisitsisut.gl\/wp-content\/uploads\/2022\/02\/Referat-BHRT-220222.docx\" class=\"wp-block-file__button wp-element-button\" download aria-describedby=\"wp-block-file--media-c80733a5-1310-4113-8cf1-c7da13ed37d6\">Aajuk<\/a><\/div>\n\n\n\n<div class=\"wp-block-file\"><a id=\"wp-block-file--media-a02d632f-2142-4168-8f61-94d70acb6e5f\" href=\"https:\/\/sulisitsisut.gl\/wp-content\/uploads\/2022\/02\/Referat-BHRT-140921.docx\">Imaqarniliaq 14. september 2021<\/a><a href=\"https:\/\/sulisitsisut.gl\/wp-content\/uploads\/2022\/02\/Referat-BHRT-140921.docx\" class=\"wp-block-file__button wp-element-button\" download aria-describedby=\"wp-block-file--media-a02d632f-2142-4168-8f61-94d70acb6e5f\">Aajuk<\/a><\/div>\n\n\n\n<div class=\"wp-block-file\"><a id=\"wp-block-file--media-19fab192-a57b-47cd-ab34-99c9564b1b8d\" href=\"https:\/\/sulisitsisut.gl\/wp-content\/uploads\/2022\/02\/Referat-BHRT-300321.docx\">Imaqarniliaq 30. marts 2021<\/a><a href=\"https:\/\/sulisitsisut.gl\/wp-content\/uploads\/2022\/02\/Referat-BHRT-300321.docx\" class=\"wp-block-file__button wp-element-button\" download aria-describedby=\"wp-block-file--media-19fab192-a57b-47cd-ab34-99c9564b1b8d\">Aajuk<\/a><\/div>\n\n\n\n<div class=\"wp-block-file\"><a id=\"wp-block-file--media-38c24f01-f6e4-45bb-9ef9-33f4916adec5\" href=\"https:\/\/sulisitsisut.gl\/wp-content\/uploads\/2022\/02\/Rereart-BHRT-010920.docx\">Imaqarniliaq 1. september 2020<\/a><a href=\"https:\/\/sulisitsisut.gl\/wp-content\/uploads\/2022\/02\/Rereart-BHRT-010920.docx\" class=\"wp-block-file__button wp-element-button\" download aria-describedby=\"wp-block-file--media-38c24f01-f6e4-45bb-9ef9-33f4916adec5\">Aajuk<\/a><\/div>\n\n\n\n<div class=\"wp-block-file\"><a id=\"wp-block-file--media-9fd21e9d-f51f-4cd3-9497-788571fc8e26\" href=\"https:\/\/sulisitsisut.gl\/wp-content\/uploads\/2021\/12\/Referat-fra-BHRT-den-20_-februar-2020-kl_-12_00-3_0.docx\">Imaqarniliaq 20. februar 2020<\/a><a href=\"https:\/\/sulisitsisut.gl\/wp-content\/uploads\/2021\/12\/Referat-fra-BHRT-den-20_-februar-2020-kl_-12_00-3_0.docx\" class=\"wp-block-file__button wp-element-button\" download aria-describedby=\"wp-block-file--media-9fd21e9d-f51f-4cd3-9497-788571fc8e26\">Aajuk<\/a><\/div>\n\n\n\n<h2 class=\"wp-block-heading\" id=\"staycation\">Staycation<\/h2>\n\n\n\n<div class=\"wp-block-file\"><a id=\"wp-block-file--media-fd6685d8-9c14-4384-9c2f-f30721038d91\" href=\"https:\/\/sulisitsisut.gl\/wp-content\/uploads\/2023\/08\/Tillaegsaftale-til-N-A-L4-1-48-af-20.-april-1998-om-frirejser.pdf\" target=\"_blank\" rel=\"noreferrer noopener\">Till\u00e6gsaftale om anvendelse af feriefrirejser<\/a><a href=\"https:\/\/sulisitsisut.gl\/wp-content\/uploads\/2023\/08\/Tillaegsaftale-til-N-A-L4-1-48-af-20.-april-1998-om-frirejser.pdf\" class=\"wp-block-file__button wp-element-button\" download aria-describedby=\"wp-block-file--media-fd6685d8-9c14-4384-9c2f-f30721038d91\">Aajuk<\/a><\/div>\n\n\n\n<h2 class=\"wp-block-heading\" id=\"dokumenter\">Klassifikation<\/h2>\n\n\n\n<div class=\"wp-block-file\"><a id=\"wp-block-file--media-14e85cd5-64ed-40be-b940-764f7ee42e4f\" href=\"https:\/\/sulisitsisut.gl\/wp-content\/uploads\/2021\/12\/Konferencekriterier-2020-Dansk.pdf\">Konferencekriterier 2020<\/a><a href=\"https:\/\/sulisitsisut.gl\/wp-content\/uploads\/2021\/12\/Konferencekriterier-2020-Dansk.pdf\" class=\"wp-block-file__button wp-element-button\" download aria-describedby=\"wp-block-file--media-14e85cd5-64ed-40be-b940-764f7ee42e4f\">Aajuk<\/a><\/div>\n\n\n\n<div class=\"wp-block-file\"><a id=\"wp-block-file--media-b4750e8c-9145-46b2-92e8-ae63ea366a4d\" href=\"https:\/\/sulisitsisut.gl\/wp-content\/uploads\/2021\/12\/Hotelstars-Union-2020-2025.pdf\">Hotelstars Union 2020-2025<\/a><a href=\"https:\/\/sulisitsisut.gl\/wp-content\/uploads\/2021\/12\/Hotelstars-Union-2020-2025.pdf\" class=\"wp-block-file__button wp-element-button\" download aria-describedby=\"wp-block-file--media-b4750e8c-9145-46b2-92e8-ae63ea366a4d\">Aajuk<\/a><\/div>\n\n\n\n<div class=\"wp-block-file\"><a id=\"wp-block-file--media-8c40ff21-dc21-4c34-8412-1e86e7227eb1\" href=\"https:\/\/sulisitsisut.gl\/wp-content\/uploads\/2021\/12\/PJECE-klassifikation2020_web.pdf\">Konferenceklassifikation 2020<\/a><a href=\"https:\/\/sulisitsisut.gl\/wp-content\/uploads\/2021\/12\/PJECE-klassifikation2020_web.pdf\" class=\"wp-block-file__button wp-element-button\" download aria-describedby=\"wp-block-file--media-8c40ff21-dc21-4c34-8412-1e86e7227eb1\">Aajuk<\/a><\/div>\n\n\n\n<p>De gr\u00f8nlandske priser er:\nGrundgebyr for GE-medlem 4.000 kr.\/\u00e5r\nGrundgebyr for ikke medlem 7.000 kr.\/\u00e5r\nPris pr. v\u00e6relse 150 kr.\/\u00e5r\nKonferencepris 3.800 kr.\/\u00e5r<strong>.<\/strong><\/p>\n\n\n\n<h2 class=\"wp-block-heading\">Kursusmateriale til Servicedagen<\/h2>\n\n\n\n<div class=\"wp-block-file\"><a id=\"wp-block-file--media-a5418689-72d1-4a5a-9c06-521853d1b8db\" href=\"https:\/\/sulisitsisut.gl\/wp-content\/uploads\/2022\/07\/Servicedagen_-GRL-1.pdf\">Kalaallisut<\/a><a href=\"https:\/\/sulisitsisut.gl\/wp-content\/uploads\/2022\/07\/Servicedagen_-GRL-1.pdf\" class=\"wp-block-file__button wp-element-button\" download aria-describedby=\"wp-block-file--media-a5418689-72d1-4a5a-9c06-521853d1b8db\">Aajuk<\/a><\/div>\n\n\n\n<div class=\"wp-block-file\"><a id=\"wp-block-file--media-10c6a998-2d0a-49e1-96ed-5ed781292c10\" href=\"https:\/\/sulisitsisut.gl\/wp-content\/uploads\/2022\/07\/Servicedag_DK-1.pdf\">Dansk<\/a><a href=\"https:\/\/sulisitsisut.gl\/wp-content\/uploads\/2022\/07\/Servicedag_DK-1.pdf\" class=\"wp-block-file__button wp-element-button\" download aria-describedby=\"wp-block-file--media-10c6a998-2d0a-49e1-96ed-5ed781292c10\">Aajuk<\/a><\/div>\n\n\n\n<div class=\"wp-block-file\"><a id=\"wp-block-file--media-310aa1da-d1a9-4599-b852-27e66565b69f\" href=\"https:\/\/sulisitsisut.gl\/wp-content\/uploads\/2022\/07\/Servicedag_Eng.pdf\">Engelsk<\/a><a href=\"https:\/\/sulisitsisut.gl\/wp-content\/uploads\/2022\/07\/Servicedag_Eng.pdf\" class=\"wp-block-file__button wp-element-button\" download aria-describedby=\"wp-block-file--media-310aa1da-d1a9-4599-b852-27e66565b69f\">Aajuk<\/a><\/div>\n\n\n\n<div class=\"wp-block-file\"><a id=\"wp-block-file--media-39cc5de1-14fc-4445-8e3e-0d42885451fb\" href=\"https:\/\/sulisitsisut.gl\/wp-content\/uploads\/2022\/07\/Servicedagengrl.ppt\">Power Point<\/a><a href=\"https:\/\/sulisitsisut.gl\/wp-content\/uploads\/2022\/07\/Servicedagengrl.ppt\" class=\"wp-block-file__button wp-element-button\" download aria-describedby=\"wp-block-file--media-39cc5de1-14fc-4445-8e3e-0d42885451fb\">Aajuk<\/a><\/div>\n\n\n\n<div class=\"wp-block-file\"><a id=\"wp-block-file--media-fa0737b0-b73c-483a-aec7-f6b93a58e212\" href=\"https:\/\/sulisitsisut.gl\/wp-content\/uploads\/2022\/07\/salg_og_service_hoteller_pdf.pdf\">Salg og Service_<\/a><a href=\"https:\/\/sulisitsisut.gl\/wp-content\/uploads\/2022\/07\/salg_og_service_hoteller_pdf.pdf\" class=\"wp-block-file__button wp-element-button\" download aria-describedby=\"wp-block-file--media-fa0737b0-b73c-483a-aec7-f6b93a58e212\">Aajuk<\/a><\/div>\n\n\n\n<h2 class=\"wp-block-heading\" id=\"links\">Iserfissat<\/h2>\n\n\n\n<p><a href=\"https:\/\/visitgreenland.com\/da\/\" data-type=\"URL\" data-id=\"https:\/\/visitgreenland.com\/da\/\">Visit Greenland<\/a><\/p>\n","protected":false},"excerpt":{"rendered":"<p>Ataatsimiititaliap sulinermini makku anguniagarai: Attavissaq Ilaasortatut piviusunik sammisamik piukkussaqaraanni assigiimmik suliaqarfimmi ataatsimiitsitaliamut soqutiginarsinnaasunik aammalu qaqikkusutanik, taava ataatimiitsitaliap allattaa Karsten Klausen-Lyberth attavigineqarsinnaavoq mailikkut ugguuna: klausen@ga.gl eller Lykke Lynge lykke@ga.gl Ilaasortat SiulittaasoqHelge Tang Hotel Hans Egede A\/S 3900 Nuuk Telefon:&nbsp;+299&nbsp;34&nbsp;80&nbsp;01 E-mail:&nbsp;ht@hhe.gl Lisbeth HansenN\u00e6stformandHotel S\u00f8ma3950 AasiaatTelefon: +299 23 51 02E-mail: lh@hotels\u00f8ma.gl Klaus Dupont Iversen Hotel Aurora 3900 Nuuk&#8230;<\/p>\n","protected":false},"author":2,"featured_media":0,"parent":4156,"menu_order":0,"comment_status":"closed","ping_status":"closed","template":"","meta":{"_acf_changed":false,"footnotes":""},"kategorier_sider":[33],"class_list":["post-4084","page","type-page","status-publish","hentry","kategorier_sider-sidebar-social-widget"],"acf":[],"_links":{"self":[{"href":"https:\/\/sulisitsisut.gl\/kl\/wp-json\/wp\/v2\/pages\/4084","targetHints":{"allow":["GET"]}}],"collection":[{"href":"https:\/\/sulisitsisut.gl\/kl\/wp-json\/wp\/v2\/pages"}],"about":[{"href":"https:\/\/sulisitsisut.gl\/kl\/wp-json\/wp\/v2\/types\/page"}],"author":[{"embeddable":true,"href":"https:\/\/sulisitsisut.gl\/kl\/wp-json\/wp\/v2\/users\/2"}],"replies":[{"embeddable":true,"href":"https:\/\/sulisitsisut.gl\/kl\/wp-json\/wp\/v2\/comments?post=4084"}],"version-history":[{"count":23,"href":"https:\/\/sulisitsisut.gl\/kl\/wp-json\/wp\/v2\/pages\/4084\/revisions"}],"predecessor-version":[{"id":18375,"href":"https:\/\/sulisitsisut.gl\/kl\/wp-json\/wp\/v2\/pages\/4084\/revisions\/18375"}],"up":[{"embeddable":true,"href":"https:\/\/sulisitsisut.gl\/kl\/wp-json\/wp\/v2\/pages\/4156"}],"wp:attachment":[{"href":"https:\/\/sulisitsisut.gl\/kl\/wp-json\/wp\/v2\/media?parent=4084"}],"wp:term":[{"taxonomy":"kategorier_sider","embeddable":true,"href":"https:\/\/sulisitsisut.gl\/kl\/wp-json\/wp\/v2\/kategorier_sider?post=4084"}],"curies":[{"name":"wp","href":"https:\/\/api.w.org\/{rel}","templated":true}]}}