{"id":6681,"date":"2022-04-11T18:09:33","date_gmt":"2022-04-11T16:09:33","guid":{"rendered":"http:\/\/sulisitsisut.gl\/councils-and-committees\/"},"modified":"2025-08-26T13:02:43","modified_gmt":"2025-08-26T11:02:43","slug":"councils-and-committees","status":"publish","type":"page","link":"https:\/\/sulisitsisut.gl\/en\/councils-and-committees\/","title":{"rendered":"Councils and Committees"},"content":{"rendered":"\n<h2 class=\"wp-block-heading\">Boards<\/h2>\n\n<p><strong>Barselsfonden Amaat<\/strong><br\/>Vice Chair, Karsten Lyberth-Klausen<br\/>Naj\u00e2raq Petersen<\/p>\n\n<p><strong>CSR Greenland<\/strong><br\/>Chair Christian Keldsen<\/p>\n\n<p><strong>Gr\u00f8nlands Kunst fond<\/strong><br\/>Chair, Julia Pars<\/p>\n\n<p><strong>Pensionskassen SISA<\/strong><br\/>Karsten Lyberth-Klausen<br\/>Christian Keldsen (Alternate member)<\/p>\n\n<p><strong>Pinngortitaleriffik<\/strong><br\/>Christian Keldsen<\/p>\n\n<h2 class=\"wp-block-heading\">Councils &amp; Committees<\/h2>\n\n<p><strong>Arbejdsmilj\u00f8r\u00e5det<\/strong><br\/>Bent S\u00f8rensen<\/p>\n\n<p><strong>Skatter\u00e5det<\/strong><br\/>Dora Drechsel<br\/>John Jakobsen<\/p>\n\n<p><strong>Fiskerir\u00e5det<\/strong><br\/>Bent S\u00f8rensen<br\/>Franz Heilmann<\/p>\n\n<p><strong>Det Gr\u00f8nlandske Kriminalpr\u00e6ventive R\u00e5d<\/strong><br\/>Kirsten \u00d8rgaard<\/p>\n\n<p><strong>Klagen\u00e6vnet for Udbud<\/strong><br\/>Janus Sch\u00e4dler Honor\u00e9<\/p>\n\n<p><strong>Konkurrencen\u00e6vnet<\/strong><br\/>Anita Hoffer<\/p>\n\n<p><strong>Ligestillingsr\u00e5det<\/strong><br\/>Britta Keldsen<\/p>\n\n<p><strong>Det Nationale Arbejdsmarkedsr\u00e5d<\/strong><br\/>Dan Sivertsen<br\/>Karsten Lyberth-Klausen<\/p>\n\n<p><strong>Nautisk Udvalg<\/strong><br\/>Bent S\u00f8rensen<br\/>Anders Lykke Laursen<\/p>\n\n<p><strong>Ophugningsudvalget<\/strong><br\/>Bent S\u00f8rensen<\/p>\n","protected":false},"excerpt":{"rendered":"<p>Boards Barselsfonden AmaatVice Chair, Karsten Lyberth-KlausenNaj\u00e2raq Petersen CSR GreenlandChair Christian Keldsen Gr\u00f8nlands Kunst fondChair, Julia Pars Pensionskassen SISAKarsten Lyberth-KlausenChristian Keldsen (Alternate member) PinngortitaleriffikChristian Keldsen Councils &amp; Committees Arbejdsmilj\u00f8r\u00e5detBent S\u00f8rensen Skatter\u00e5detDora DrechselJohn Jakobsen Fiskerir\u00e5detBent S\u00f8rensenFranz Heilmann Det Gr\u00f8nlandske Kriminalpr\u00e6ventive R\u00e5dKirsten \u00d8rgaard Klagen\u00e6vnet for UdbudJanus Sch\u00e4dler Honor\u00e9 Konkurrencen\u00e6vnetAnita Hoffer Ligestillingsr\u00e5detBritta Keldsen Det Nationale Arbejdsmarkedsr\u00e5dDan SivertsenKarsten Lyberth-Klausen Nautisk&#8230;<\/p>\n","protected":false},"author":2,"featured_media":0,"parent":0,"menu_order":0,"comment_status":"closed","ping_status":"closed","template":"","meta":{"_acf_changed":false,"footnotes":""},"kategorier_sider":[33],"class_list":["post-6681","page","type-page","status-publish","hentry","kategorier_sider-sidebar-social-widget"],"acf":[],"_links":{"self":[{"href":"https:\/\/sulisitsisut.gl\/en\/wp-json\/wp\/v2\/pages\/6681","targetHints":{"allow":["GET"]}}],"collection":[{"href":"https:\/\/sulisitsisut.gl\/en\/wp-json\/wp\/v2\/pages"}],"about":[{"href":"https:\/\/sulisitsisut.gl\/en\/wp-json\/wp\/v2\/types\/page"}],"author":[{"embeddable":true,"href":"https:\/\/sulisitsisut.gl\/en\/wp-json\/wp\/v2\/users\/2"}],"replies":[{"embeddable":true,"href":"https:\/\/sulisitsisut.gl\/en\/wp-json\/wp\/v2\/comments?post=6681"}],"version-history":[{"count":6,"href":"https:\/\/sulisitsisut.gl\/en\/wp-json\/wp\/v2\/pages\/6681\/revisions"}],"predecessor-version":[{"id":16488,"href":"https:\/\/sulisitsisut.gl\/en\/wp-json\/wp\/v2\/pages\/6681\/revisions\/16488"}],"wp:attachment":[{"href":"https:\/\/sulisitsisut.gl\/en\/wp-json\/wp\/v2\/media?parent=6681"}],"wp:term":[{"taxonomy":"kategorier_sider","embeddable":true,"href":"https:\/\/sulisitsisut.gl\/en\/wp-json\/wp\/v2\/kategorier_sider?post=6681"}],"curies":[{"name":"wp","href":"https:\/\/api.w.org\/{rel}","templated":true}]}}