{"id":5965,"date":"2022-02-15T19:27:32","date_gmt":"2022-02-15T18:27:32","guid":{"rendered":"http:\/\/sulisitsisut.gl\/about-greenland-business-association\/industry-committees\/industry-committee-for-mineral-exploration-and-extraction\/"},"modified":"2026-02-24T13:40:07","modified_gmt":"2026-02-24T12:40:07","slug":"industry-committee-for-mineral-exploration-and-extraction","status":"publish","type":"page","link":"https:\/\/sulisitsisut.gl\/en\/about-greenland-business-association\/industry-committees\/industry-committee-for-mineral-exploration-and-extraction\/","title":{"rendered":"Industry Committee for Mineral Exploration and Extraction"},"content":{"rendered":"\n<div style=\"height:30px\" aria-hidden=\"true\" class=\"wp-block-spacer\"><\/div>\n\n\n\n<h2 class=\"wp-block-heading\" id=\"kontakt\">Contact<\/h2>\n\n\n\n<p>For any inquiries regarding the work of the industry committee, please contact&nbsp; Dan Sivertsen :<a> <\/a><a href=\"mailto:lars@ga.gl\">dan@ga.gl<\/a><\/p>\n\n\n\n<div style=\"height:30px\" aria-hidden=\"true\" class=\"wp-block-spacer\"><\/div>\n\n\n\n<h2 class=\"wp-block-heading\" id=\"medlemmer\">Members<\/h2>\n\n\n\n<div class=\"wp-block-columns is-layout-flex wp-container-core-columns-is-layout-28f84493 wp-block-columns-is-layout-flex\">\n<div class=\"wp-block-column is-layout-flow wp-block-column-is-layout-flow\">\n<p><strong><strong>Bent Olsvig<\/strong><\/strong><br><em>Chairman<\/em><strong><br><\/strong>Lumina Sustainable Materials A\/S<br>3900 Nuuk<br>Telefon: +299 49 95 99<br>E-mail: <a href=\"mailto:bent@lumina.gl\">bent@lumina.gl<\/a><\/p>\n<\/div>\n\n\n\n<div class=\"wp-block-column is-layout-flow wp-block-column-is-layout-flow\">\n<p><strong>Mathias Barfod<\/strong><br>Tanbreez Mining Greenland A\/S<br>3900 Nuuk<br>Telefon: +299 24 74 50<br>M:\u00a0<a href=\"mailto:bolette.nielsen@gbbarnes.com\">mathias.barfod@tanbreez.com<\/a><\/p>\n<\/div>\n\n\n\n<div class=\"wp-block-column is-layout-flow wp-block-column-is-layout-flow\">\n<p><strong>Nauja Bianco<\/strong><br>Greenland Ressources inc<br>3900 Nuuk<br>Telefon + 45 2622 1091 <a href=\"mailto:nb@greenlandressourcesinc.com\">nb@greenlandressourcesinc.com<\/a><br><br><\/p>\n<\/div>\n<\/div>\n\n\n\n<div class=\"wp-block-columns is-layout-flex wp-container-core-columns-is-layout-28f84493 wp-block-columns-is-layout-flex\">\n<div class=\"wp-block-column is-layout-flow wp-block-column-is-layout-flow\">\n<p><strong>Stefan Bernstein<br><\/strong>Greenroc Mining&nbsp;Plc<br>Imaneq 33<br>3900 Nuuk<br>Telefon: +45 31 20 22 79<br><a href=\"mailto:stefanb@greenrocmining.com\">stefanb@greenrocmining.com<\/a><\/p>\n<\/div>\n\n\n\n<div class=\"wp-block-column is-layout-flow wp-block-column-is-layout-flow\">\n<p><strong>Joan Plant<\/strong><br>Amaroq Minerals<br>C\/O Nuna Advokater ApS<br>3900 Nuuk<br>Telefon: +44 1778570141<br>E-mail: <a href=\"mailto:jp@aexgold.com\">jp@aexgold.com<\/a><\/p>\n<\/div>\n\n\n\n<div class=\"wp-block-column is-layout-flow wp-block-column-is-layout-flow\">\n<p><\/p>\n<\/div>\n<\/div>\n\n\n\n<div style=\"height:30px\" aria-hidden=\"true\" class=\"wp-block-spacer\"><\/div>\n\n\n\n<h2 class=\"wp-block-heading\" id=\"referater\">Minutes<\/h2>\n\n\n\n<div class=\"wp-block-file\"><a id=\"wp-block-file--media-0f04d61b-bb26-4c6d-8b5d-f79a058798fa\" href=\"https:\/\/sulisitsisut.gl\/wp-content\/uploads\/2022\/12\/Minutes-8.-december.pdf\">Minutes 8. december 2022<\/a><a href=\"https:\/\/sulisitsisut.gl\/wp-content\/uploads\/2022\/12\/Minutes-8.-december.pdf\" class=\"wp-block-file__button wp-element-button\" download aria-describedby=\"wp-block-file--media-0f04d61b-bb26-4c6d-8b5d-f79a058798fa\">Download<\/a><\/div>\n\n\n\n<div class=\"wp-block-file\"><a id=\"wp-block-file--media-8abff4b6-e051-49ed-936f-9150e732199b\" href=\"https:\/\/sulisitsisut.gl\/wp-content\/uploads\/2022\/12\/Minutes-19.-october.pdf\">Minutes 19. october 2022<\/a><a href=\"https:\/\/sulisitsisut.gl\/wp-content\/uploads\/2022\/12\/Minutes-19.-october.pdf\" class=\"wp-block-file__button wp-element-button\" download aria-describedby=\"wp-block-file--media-8abff4b6-e051-49ed-936f-9150e732199b\">Download<\/a><\/div>\n\n\n\n<div class=\"wp-block-file\"><a id=\"wp-block-file--media-ea4aaf34-4bcb-4c3c-b514-4cc072ebbefd\" href=\"https:\/\/sulisitsisut.gl\/wp-content\/uploads\/2022\/09\/Minutes-6-september-1.pdf\">Minutes 6. september 2022<\/a><a href=\"https:\/\/sulisitsisut.gl\/wp-content\/uploads\/2022\/09\/Minutes-6-september-1.pdf\" class=\"wp-block-file__button wp-element-button\" download aria-describedby=\"wp-block-file--media-ea4aaf34-4bcb-4c3c-b514-4cc072ebbefd\">Download<\/a><\/div>\n\n\n\n<div class=\"wp-block-file\"><a id=\"wp-block-file--media-dd846dce-24cf-462f-b960-1d366548f3d2\" href=\"https:\/\/sulisitsisut.gl\/wp-content\/uploads\/2022\/08\/Minutes-August-3.pdf\">Minutes 3. august 2022<\/a><a href=\"https:\/\/sulisitsisut.gl\/wp-content\/uploads\/2022\/08\/Minutes-August-3.pdf\" class=\"wp-block-file__button wp-element-button\" download aria-describedby=\"wp-block-file--media-dd846dce-24cf-462f-b960-1d366548f3d2\">Download<\/a><\/div>\n\n\n\n<div class=\"wp-block-file\"><a id=\"wp-block-file--media-d706b8de-ae95-41da-9246-5c770be71cbe\" href=\"https:\/\/sulisitsisut.gl\/wp-content\/uploads\/2022\/03\/Minutes-280222-1.0.pdf\">Minutes 28. february 2022<\/a><a href=\"https:\/\/sulisitsisut.gl\/wp-content\/uploads\/2022\/03\/Minutes-280222-1.0.pdf\" class=\"wp-block-file__button wp-element-button\" download aria-describedby=\"wp-block-file--media-d706b8de-ae95-41da-9246-5c770be71cbe\">Download<\/a><\/div>\n\n\n\n<div class=\"wp-block-file\"><a id=\"wp-block-file--media-250241b6-99bc-4d29-94b3-4d2d8586f525\" href=\"https:\/\/sulisitsisut.gl\/wp-content\/uploads\/2022\/01\/Moede-BU-Raastof-100122-1.0.pdf\">Minutes 10. january 2022<\/a><a href=\"https:\/\/sulisitsisut.gl\/wp-content\/uploads\/2022\/01\/Moede-BU-Raastof-100122-1.0.pdf\" class=\"wp-block-file__button wp-element-button\" download aria-describedby=\"wp-block-file--media-250241b6-99bc-4d29-94b3-4d2d8586f525\">Download<\/a><\/div>\n\n\n\n<div class=\"wp-block-file\"><a id=\"wp-block-file--media-c7295db5-0246-4f86-8429-0d7163e96515\" href=\"https:\/\/sulisitsisut.gl\/wp-content\/uploads\/2021\/12\/Referat-BU-rastof-18_6_21.docx\">Minutes 18. june 2021<\/a><a href=\"https:\/\/sulisitsisut.gl\/wp-content\/uploads\/2021\/12\/Referat-BU-rastof-18_6_21.docx\" class=\"wp-block-file__button wp-element-button\" download aria-describedby=\"wp-block-file--media-c7295db5-0246-4f86-8429-0d7163e96515\">Download<\/a><\/div>\n\n\n\n<div class=\"wp-block-file\"><a id=\"wp-block-file--media-c6895354-258a-4867-b91e-2ce6daa3ad40\" href=\"https:\/\/sulisitsisut.gl\/wp-content\/uploads\/2021\/12\/Referat-fra-mode-i-Rastofudvalget-onsdag-den-21-oktober-2020-1_0.docx\">Minutes 21. october 2020<\/a><a href=\"https:\/\/sulisitsisut.gl\/wp-content\/uploads\/2021\/12\/Referat-fra-mode-i-Rastofudvalget-onsdag-den-21-oktober-2020-1_0.docx\" class=\"wp-block-file__button wp-element-button\" download aria-describedby=\"wp-block-file--media-c6895354-258a-4867-b91e-2ce6daa3ad40\">Download<\/a><\/div>\n\n\n\n<div class=\"wp-block-file\"><a id=\"wp-block-file--media-6277cf67-04e5-4cb5-b92f-0016d14fa929\" href=\"https:\/\/sulisitsisut.gl\/wp-content\/uploads\/2021\/12\/Referat-af-brancheudvalgsmode-23_-april-2020-4_0.docx\">Minutes 23. april 2020<\/a><a href=\"https:\/\/sulisitsisut.gl\/wp-content\/uploads\/2021\/12\/Referat-af-brancheudvalgsmode-23_-april-2020-4_0.docx\" class=\"wp-block-file__button wp-element-button\" download aria-describedby=\"wp-block-file--media-6277cf67-04e5-4cb5-b92f-0016d14fa929\">Download<\/a><\/div>\n\n\n\n<div style=\"height:30px\" aria-hidden=\"true\" class=\"wp-block-spacer\"><\/div>\n\n\n\n<h2 class=\"wp-block-heading\" id=\"dokumenter\">Documents<\/h2>\n\n\n\n<div class=\"wp-block-file\"><a id=\"wp-block-file--media-afa576ea-0ba5-4664-8c13-a696ab8cef61\" href=\"https:\/\/sulisitsisut.gl\/wp-content\/uploads\/2022\/01\/PUBLISERET-Uddannelser-til-minebranchen-D21-8252-1.0.pdf\">Referat af dialogm\u00f8de vedr\u00f8rende uddannelser til r\u00e5stofbranchen<\/a><a href=\"https:\/\/sulisitsisut.gl\/wp-content\/uploads\/2022\/01\/PUBLISERET-Uddannelser-til-minebranchen-D21-8252-1.0.pdf\" class=\"wp-block-file__button wp-element-button\" download aria-describedby=\"wp-block-file--media-afa576ea-0ba5-4664-8c13-a696ab8cef61\">Download<\/a><\/div>\n\n\n\n<div class=\"wp-block-file\"><a id=\"wp-block-file--media-1b8eb317-18b2-4577-8de2-5a644e633b1d\" href=\"https:\/\/sulisitsisut.gl\/wp-content\/uploads\/2022\/01\/HH_Praesentation_Stef_Rett-1.0.pptx\">Bilag 1<\/a><a href=\"https:\/\/sulisitsisut.gl\/wp-content\/uploads\/2022\/01\/HH_Praesentation_Stef_Rett-1.0.pptx\" class=\"wp-block-file__button wp-element-button\" download aria-describedby=\"wp-block-file--media-1b8eb317-18b2-4577-8de2-5a644e633b1d\">Download<\/a><\/div>\n\n\n\n<div class=\"wp-block-file\"><a id=\"wp-block-file--media-ff36ea82-d55f-44d4-84b5-42454f35887e\" href=\"https:\/\/sulisitsisut.gl\/wp-content\/uploads\/2022\/01\/Praesentation-omkring-personale-grupper-i-minebranchen-1.0.pptx\">Bilag 2<\/a><a href=\"https:\/\/sulisitsisut.gl\/wp-content\/uploads\/2022\/01\/Praesentation-omkring-personale-grupper-i-minebranchen-1.0.pptx\" class=\"wp-block-file__button wp-element-button\" download aria-describedby=\"wp-block-file--media-ff36ea82-d55f-44d4-84b5-42454f35887e\">Download<\/a><\/div>\n","protected":false},"excerpt":{"rendered":"<p>Contact For any inquiries regarding the work of the industry committee, please contact&nbsp; Dan Sivertsen : dan@ga.gl Members Bent OlsvigChairmanLumina Sustainable Materials A\/S3900 NuukTelefon: +299 49 95 99E-mail: bent@lumina.gl Mathias BarfodTanbreez Mining Greenland A\/S3900 NuukTelefon: +299 24 74 50M:\u00a0mathias.barfod@tanbreez.com Nauja BiancoGreenland Ressources inc3900 NuukTelefon + 45 2622 1091 nb@greenlandressourcesinc.com Stefan BernsteinGreenroc Mining&nbsp;PlcImaneq 333900 NuukTelefon: +45&#8230;<\/p>\n","protected":false},"author":2,"featured_media":0,"parent":4204,"menu_order":0,"comment_status":"closed","ping_status":"closed","template":"","meta":{"_acf_changed":false,"footnotes":""},"kategorier_sider":[33],"class_list":["post-5965","page","type-page","status-publish","hentry","kategorier_sider-sidebar-social-widget"],"acf":[],"_links":{"self":[{"href":"https:\/\/sulisitsisut.gl\/en\/wp-json\/wp\/v2\/pages\/5965","targetHints":{"allow":["GET"]}}],"collection":[{"href":"https:\/\/sulisitsisut.gl\/en\/wp-json\/wp\/v2\/pages"}],"about":[{"href":"https:\/\/sulisitsisut.gl\/en\/wp-json\/wp\/v2\/types\/page"}],"author":[{"embeddable":true,"href":"https:\/\/sulisitsisut.gl\/en\/wp-json\/wp\/v2\/users\/2"}],"replies":[{"embeddable":true,"href":"https:\/\/sulisitsisut.gl\/en\/wp-json\/wp\/v2\/comments?post=5965"}],"version-history":[{"count":19,"href":"https:\/\/sulisitsisut.gl\/en\/wp-json\/wp\/v2\/pages\/5965\/revisions"}],"predecessor-version":[{"id":17874,"href":"https:\/\/sulisitsisut.gl\/en\/wp-json\/wp\/v2\/pages\/5965\/revisions\/17874"}],"up":[{"embeddable":true,"href":"https:\/\/sulisitsisut.gl\/en\/wp-json\/wp\/v2\/pages\/4204"}],"wp:attachment":[{"href":"https:\/\/sulisitsisut.gl\/en\/wp-json\/wp\/v2\/media?parent=5965"}],"wp:term":[{"taxonomy":"kategorier_sider","embeddable":true,"href":"https:\/\/sulisitsisut.gl\/en\/wp-json\/wp\/v2\/kategorier_sider?post=5965"}],"curies":[{"name":"wp","href":"https:\/\/api.w.org\/{rel}","templated":true}]}}