{"id":4226,"date":"2022-01-12T17:35:46","date_gmt":"2022-01-12T16:35:46","guid":{"rendered":"http:\/\/sulisitsisut.gl\/about-greenland-business-association\/local-branches\/"},"modified":"2024-10-23T11:01:36","modified_gmt":"2024-10-23T09:01:36","slug":"local-branches","status":"publish","type":"page","link":"https:\/\/sulisitsisut.gl\/en\/about-greenland-business-association\/local-branches\/","title":{"rendered":"Local branches and regional associations"},"content":{"rendered":"\n<h1 class=\"wp-block-heading\"><\/h1>\n\n\n\n<p>Below are links to all the local branches. Please note that the information is in Greenlandic and Danish only.<\/p>\n\n\n\n<div class=\"wp-block-file\"><a id=\"wp-block-file--media-14721240-f184-47ee-9514-16223a738b1e\" href=\"https:\/\/sulisitsisut.gl\/wp-content\/uploads\/2021\/12\/Standardlokalforeningsvedtaegter-2015-2_0-1.doc\">Standardvedt\u00e6gter for lokalforeninger<\/a><a href=\"https:\/\/sulisitsisut.gl\/wp-content\/uploads\/2021\/12\/Standardlokalforeningsvedtaegter-2015-2_0-1.doc\" class=\"wp-block-file__button wp-element-button\" download aria-describedby=\"wp-block-file--media-14721240-f184-47ee-9514-16223a738b1e\">Download<\/a><\/div>\n\n\n\n<p><strong>Lokalforeningerne g\u00f8r Gr\u00f8nlands Erhverv st\u00e6rk<\/strong><br>For at v\u00e6re en st\u00e6rk arbejdsgiverforening, har Gr\u00f8nlands Erhverv struktureret sig med lokalafdelinger mange steder i Gr\u00f8nland. Lokalafdelingerne er essentielle for hovedforeningens arbejde og virke for de gr\u00f8nlandske arbejdsgivere og virksomheder. I de byer, hvor der er mindst 5&nbsp;medlemsvirksomheder kan&nbsp;den p\u00e5g\u00e6ldende&nbsp;by etablere en lokalforening.&nbsp;<br><br><strong>Din lokale arbejdsgiverforening er dit link til hovedorganisationen<\/strong><br>N\u00e5r du er medlem af Gr\u00f8nlands Erhverv, s\u00e5 bliver du helt automatisk ogs\u00e5 medlem af lokalforeningen i din by eller landsdel. Din lokale arbejdsgiverforening skal p\u00e5 lokalt plan virke for og varetage de gr\u00f8nlandske arbejdsgiveres interesser. Tag del i arbejde, og v\u00e6r med til at skabe v\u00e6kst og gode forhold for erhvervslivet i Gr\u00f8nland.<br><br><strong>Fordelene ved medlemskab af Gr\u00f8nlands Erhverv er mange&nbsp;<\/strong><br>Lokalforeningerne har til form\u00e5l at varetage arbejdsgivernes interesser i lokalsamfundet. Sammenhold, st\u00f8rre mulighed for politisk indflydelse og ikke mindst synlighed og styrken i f\u00e6llesskabet i en st\u00e6rk forening som Gr\u00f8nlands Erhverv er blot toppen af isbjerget. Din virksomhed f\u00e5r mulighed for at f\u00e5 hj\u00e6lp og r\u00e5dgivning i konkrete forhold, og med flere specialister ansat i sekretariatet i Nuuk, og de samarbejdsaftaler som Gr\u00f8nlands Erhverv har indg\u00e5et med andre lignende organisationer og branche foreninger i Danmark, giver Gr\u00f8nlands Erhverv st\u00f8rre bredde og mulighed for at bist\u00e5 foreningens medlemmer med r\u00e5d og vejledning i en lang r\u00e6kke sp\u00f8rgsm\u00e5l.<br><br><strong>Din stemme bliver h\u00f8rt i GE gennem din lokalforening<\/strong><br>Gr\u00f8nlands Erhverv bliver h\u00f8rt gennem dit engagement i b\u00e5de din egen virksomhed, dit lokalsamfund, og din lokale arbejdsgiverforening. Kom og v\u00e6re med til at skabe en god fremtid for Gr\u00f8nland.<br><br><strong>F\u00e5 en snak med din lokalformand<\/strong><br>Kontakt din formanden i din lokale arbejdsgiverforening for at h\u00f8re mere om fordelen ved at v\u00e6re medlem.&nbsp;<br>Vi anbefaler at du kontakter din lokalforeningsformand hvis du har sp\u00f8rgsm\u00e5l eller behov for r\u00e5d eller vejledning. Bag ham st\u00e5r hovedorganisationen, klar til at hj\u00e6lpe hvis det er n\u00f8dvendigt.<\/p>\n\n\n\n<p><strong>Aktiviteter<\/strong><br>Aktivitets niveau er meget forskelligt fra lokalforening til lokalforening. Som medlem opfordrer vi dig til at holde dine kontaktoplysninger opdaterede. Du vil l\u00f8bende&nbsp;modtage forskellig information fra b\u00e5de lokalforening men ogs\u00e5 fra&nbsp;hovedorganisationen. Det kan fx. v\u00e6re&nbsp;nyhedsbreve&nbsp;og invitationer til arrangementer.<br><br><strong>Foreningens vedt\u00e6gter<\/strong><br>Du kan f\u00e5 lokalforeningens vedt\u00e6gter udleveret af din lokalformand eller ved at henvende dig til sekretariatet i Nuuk.<br><br><strong>Generalforsamlinger<\/strong><br>Bem\u00e6rk at indkaldelse til generalforsamling i&nbsp;lokalafdelingen bliver udsendt p\u00e5 mail, og kun p\u00e5 mail. Derfor er det meget vigtigt at du holder dine kontaktoplysninger opdaterede. Lokalforeningen ledes af en bestyrelse, som v\u00e6lges blandt lokalforeningens medlemmer p\u00e5 den \u00e5rlige generalforsamling.<br><br><strong>M\u00e6rkesager<\/strong><br>Hver lokalforening har sine egne lokale m\u00e6rkesager, fordi&nbsp;der arbejdes med mange forskellige projekter i de forskellige byer og landsdele. Kontakt din lokalformand for at f\u00e5 mere at vide om de ting netop din lokalforening arbejder med.<\/p>\n\n\n\n<p class=\"has-medium-font-size\"><a href=\"https:\/\/sulisitsisut.gl\/om-ge\/lokalforeninger\/aasiaat-lokalforening\/\" data-type=\"page\" data-id=\"3279\"><strong>Regionsforening &#8211; Aasiaat og Qasigiannguit&nbsp;<\/strong><\/a><\/p>\n\n\n\n<p><a href=\"https:\/\/sulisitsisut.gl\/en\/about-greenland-business-association\/local-branches\/qaqortoq-lokalforening\/\" data-type=\"page\" data-id=\"3272\"><strong>Regionsforening &#8211; Qaqortoq og Narsaq<\/strong><\/a><\/p>\n\n\n\n<p class=\"has-medium-font-size\"><a href=\"https:\/\/sulisitsisut.gl\/om-ge\/lokalforeninger\/ilulissat-lokalforening\/\" data-type=\"page\" data-id=\"3281\"><strong>Ilulissat Lokalforening<\/strong><\/a><\/p>\n\n\n\n<p class=\"has-medium-font-size\"><a href=\"https:\/\/sulisitsisut.gl\/om-ge\/lokalforeninger\/maniitsoq-lokalforening\/\" data-type=\"page\" data-id=\"3283\"><strong>Maniitsoq Lokalforening<\/strong><\/a><\/p>\n\n\n\n<p class=\"has-medium-font-size\"><a href=\"https:\/\/sulisitsisut.gl\/om-ge\/lokalforeninger\/nanortalik-lokalforening\/\" data-type=\"page\" data-id=\"3275\"><strong>Nanortalik Lokalforening<\/strong><\/a><\/p>\n\n\n\n<p class=\"has-medium-font-size\"><a href=\"https:\/\/sulisitsisut.gl\/en\/about-greenland-business-association\/local-branches\/nuuk-lokalforening\/\" data-type=\"page\" data-id=\"3268\"><strong>Nuuk Lokalforening<\/strong><\/a><\/p>\n\n\n\n<p class=\"has-medium-font-size\"><a href=\"https:\/\/sulisitsisut.gl\/en\/about-greenland-business-association\/local-branches\/paamiut-lokalforening\/\" data-type=\"page\" data-id=\"3285\"><strong>Paamiut Lokalforening<\/strong><\/a><\/p>\n\n\n\n<p class=\"has-medium-font-size\"><a href=\"https:\/\/sulisitsisut.gl\/en\/about-greenland-business-association\/local-branches\/qeqertarsuaq-lokalforening\/\" data-type=\"page\" data-id=\"3293\"><strong>Qeqertarsuaq Lokalforening<\/strong><\/a><\/p>\n\n\n\n<p class=\"has-medium-font-size\"><a href=\"https:\/\/sulisitsisut.gl\/en\/about-greenland-business-association\/local-branches\/sisimiut-lokalforening\/\" data-type=\"page\" data-id=\"3270\"><strong>Sisimiut Lokalforening<\/strong><\/a><\/p>\n\n\n\n<p class=\"has-medium-font-size\"><a href=\"https:\/\/sulisitsisut.gl\/en\/about-greenland-business-association\/local-branches\/tasiilaq-lokalforening\/\" data-type=\"page\" data-id=\"3277\"><strong>Tasiilaq Lokalforening<\/strong><\/a><\/p>\n\n\n\n<p class=\"has-medium-font-size\"><a href=\"https:\/\/sulisitsisut.gl\/en\/about-greenland-business-association\/local-branches\/uummannaq-local-association\/\" data-type=\"page\" data-id=\"3291\"><strong>Uummannaq Lokalforening<\/strong><\/a><\/p>\n\n\n\n<p><\/p>\n\n\n\n<p>In the following cities there is no local association, but a contact person has been appointed:<\/p>\n\n\n\n<p>I f\u00f8lgende byer&nbsp;er der ingen lokalforening, men udpeget en kontaktperson:<\/p>\n\n\n\n<div class=\"wp-block-columns is-layout-flex wp-container-core-columns-is-layout-28f84493 wp-block-columns-is-layout-flex\">\n<div class=\"wp-block-column is-layout-flow wp-block-column-is-layout-flow\">\n<p><strong>Upernavik \/ Qaanaaq<\/strong><\/p>\n<\/div>\n\n\n\n<div class=\"wp-block-column is-layout-flow wp-block-column-is-layout-flow\">\n<p><strong>Peter Stevn<\/strong><br>Postboks\u00a052<br>3962 Upernavik<br>Telefon:\u00a0+299\u00a096\u00a014\u00a069\u00a0<br>E-mail: <a href=\"mailto:ole@lasoe.gl\">peter@lasoe.gl<\/a><br><\/p>\n<\/div>\n\n\n\n<div class=\"wp-block-column is-layout-flow wp-block-column-is-layout-flow\"><\/div>\n<\/div>\n\n\n\n<div class=\"wp-block-columns is-layout-flex wp-container-core-columns-is-layout-28f84493 wp-block-columns-is-layout-flex\">\n<div class=\"wp-block-column is-layout-flow wp-block-column-is-layout-flow\">\n<p><strong>Ittoqqortoormiit<\/strong><\/p>\n<\/div>\n\n\n\n<div class=\"wp-block-column is-layout-flow wp-block-column-is-layout-flow\">\n<p> <br>Postboks <br>3980 Ittoqqortoormiit <br>Telefon: +299  <br>E-mail: <\/p>\n<\/div>\n\n\n\n<div class=\"wp-block-column is-layout-flow wp-block-column-is-layout-flow\"><\/div>\n<\/div>\n\n\n\n<p><\/p>\n","protected":false},"excerpt":{"rendered":"<p>Below are links to all the local branches. Please note that the information is in Greenlandic and Danish only. Lokalforeningerne g\u00f8r Gr\u00f8nlands Erhverv st\u00e6rkFor at v\u00e6re en st\u00e6rk arbejdsgiverforening, har Gr\u00f8nlands Erhverv struktureret sig med lokalafdelinger mange steder i Gr\u00f8nland. Lokalafdelingerne er essentielle for hovedforeningens arbejde og virke for de gr\u00f8nlandske arbejdsgivere og virksomheder. I&#8230;<\/p>\n","protected":false},"author":1,"featured_media":0,"parent":1905,"menu_order":0,"comment_status":"closed","ping_status":"closed","template":"","meta":{"_acf_changed":false,"footnotes":""},"kategorier_sider":[33],"class_list":["post-4226","page","type-page","status-publish","hentry","kategorier_sider-sidebar-social-widget"],"acf":[],"_links":{"self":[{"href":"https:\/\/sulisitsisut.gl\/en\/wp-json\/wp\/v2\/pages\/4226","targetHints":{"allow":["GET"]}}],"collection":[{"href":"https:\/\/sulisitsisut.gl\/en\/wp-json\/wp\/v2\/pages"}],"about":[{"href":"https:\/\/sulisitsisut.gl\/en\/wp-json\/wp\/v2\/types\/page"}],"author":[{"embeddable":true,"href":"https:\/\/sulisitsisut.gl\/en\/wp-json\/wp\/v2\/users\/1"}],"replies":[{"embeddable":true,"href":"https:\/\/sulisitsisut.gl\/en\/wp-json\/wp\/v2\/comments?post=4226"}],"version-history":[{"count":7,"href":"https:\/\/sulisitsisut.gl\/en\/wp-json\/wp\/v2\/pages\/4226\/revisions"}],"predecessor-version":[{"id":14350,"href":"https:\/\/sulisitsisut.gl\/en\/wp-json\/wp\/v2\/pages\/4226\/revisions\/14350"}],"up":[{"embeddable":true,"href":"https:\/\/sulisitsisut.gl\/en\/wp-json\/wp\/v2\/pages\/1905"}],"wp:attachment":[{"href":"https:\/\/sulisitsisut.gl\/en\/wp-json\/wp\/v2\/media?parent=4226"}],"wp:term":[{"taxonomy":"kategorier_sider","embeddable":true,"href":"https:\/\/sulisitsisut.gl\/en\/wp-json\/wp\/v2\/kategorier_sider?post=4226"}],"curies":[{"name":"wp","href":"https:\/\/api.w.org\/{rel}","templated":true}]}}