{"id":4188,"date":"2022-01-12T13:21:55","date_gmt":"2022-01-12T12:21:55","guid":{"rendered":"http:\/\/sulisitsisut.gl\/in-focus\/"},"modified":"2022-01-19T10:06:06","modified_gmt":"2022-01-19T09:06:06","slug":"in-focus","status":"publish","type":"page","link":"https:\/\/sulisitsisut.gl\/en\/in-focus\/","title":{"rendered":"In focus"},"content":{"rendered":"\t\t<div data-elementor-type=\"wp-page\" data-elementor-id=\"4188\" class=\"elementor elementor-4188 elementor-1766\" data-elementor-post-type=\"page\">\n\t\t\t\t\t\t<section class=\"elementor-section elementor-top-section elementor-element elementor-element-7b215a55 elementor-section-boxed elementor-section-height-default elementor-section-height-default\" data-id=\"7b215a55\" data-element_type=\"section\" data-e-type=\"section\" data-settings=\"{&quot;jet_parallax_layout_list&quot;:[]}\">\n\t\t\t\t\t\t<div class=\"elementor-container elementor-column-gap-default\">\n\t\t\t\t\t<div class=\"elementor-column elementor-col-100 elementor-top-column elementor-element elementor-element-3b7ad14c\" data-id=\"3b7ad14c\" data-element_type=\"column\" data-e-type=\"column\">\n\t\t\t<div class=\"elementor-widget-wrap elementor-element-populated\">\n\t\t\t\t\t\t\t<\/div>\n\t\t<\/div>\n\t\t\t\t\t<\/div>\n\t\t<\/section>\n\t\t\t\t<section class=\"elementor-section elementor-top-section elementor-element elementor-element-557f026e elementor-section-boxed elementor-section-height-default elementor-section-height-default\" data-id=\"557f026e\" data-element_type=\"section\" data-e-type=\"section\" data-settings=\"{&quot;jet_parallax_layout_list&quot;:[]}\">\n\t\t\t\t\t\t<div class=\"elementor-container elementor-column-gap-default\">\n\t\t\t\t\t<div class=\"elementor-column elementor-col-50 elementor-top-column elementor-element elementor-element-5aa11403\" data-id=\"5aa11403\" data-element_type=\"column\" data-e-type=\"column\">\n\t\t\t<div class=\"elementor-widget-wrap elementor-element-populated\">\n\t\t\t\t\t\t<div class=\"elementor-element elementor-element-3fe9e585 elementor-widget elementor-widget-image\" data-id=\"3fe9e585\" data-element_type=\"widget\" data-e-type=\"widget\" data-widget_type=\"image.default\">\n\t\t\t\t<div class=\"elementor-widget-container\">\n\t\t\t\t\t\t\t\t\t\t\t\t\t\t\t<img fetchpriority=\"high\" decoding=\"async\" width=\"2162\" height=\"1222\" src=\"https:\/\/sulisitsisut.gl\/wp-content\/uploads\/2021\/09\/far-barsel@2x.png\" class=\"attachment-full size-full wp-image-2466\" alt=\"\" srcset=\"https:\/\/sulisitsisut.gl\/wp-content\/uploads\/2021\/09\/far-barsel@2x.png 2162w, https:\/\/sulisitsisut.gl\/wp-content\/uploads\/2021\/09\/far-barsel@2x-300x170.png 300w, https:\/\/sulisitsisut.gl\/wp-content\/uploads\/2021\/09\/far-barsel@2x-1024x579.png 1024w, https:\/\/sulisitsisut.gl\/wp-content\/uploads\/2021\/09\/far-barsel@2x-768x434.png 768w, https:\/\/sulisitsisut.gl\/wp-content\/uploads\/2021\/09\/far-barsel@2x-1536x868.png 1536w, https:\/\/sulisitsisut.gl\/wp-content\/uploads\/2021\/09\/far-barsel@2x-2048x1158.png 2048w\" sizes=\"(max-width: 2162px) 100vw, 2162px\" \/>\t\t\t\t\t\t\t\t\t\t\t\t\t\t\t<\/div>\n\t\t\t\t<\/div>\n\t\t\t\t\t<\/div>\n\t\t<\/div>\n\t\t\t\t<div class=\"elementor-column elementor-col-50 elementor-top-column elementor-element elementor-element-7df16189\" data-id=\"7df16189\" data-element_type=\"column\" data-e-type=\"column\">\n\t\t\t<div class=\"elementor-widget-wrap elementor-element-populated\">\n\t\t\t\t\t\t<section class=\"elementor-section elementor-inner-section elementor-element elementor-element-6023ac5a elementor-section-boxed elementor-section-height-default elementor-section-height-default\" data-id=\"6023ac5a\" data-element_type=\"section\" data-e-type=\"section\" data-settings=\"{&quot;jet_parallax_layout_list&quot;:[]}\">\n\t\t\t\t\t\t<div class=\"elementor-container elementor-column-gap-default\">\n\t\t\t\t\t<div class=\"elementor-column elementor-col-100 elementor-inner-column elementor-element elementor-element-678c446e\" data-id=\"678c446e\" data-element_type=\"column\" data-e-type=\"column\" data-settings=\"{&quot;background_background&quot;:&quot;classic&quot;}\">\n\t\t\t<div class=\"elementor-widget-wrap elementor-element-populated\">\n\t\t\t\t\t\t<div class=\"elementor-element elementor-element-94700c2 elementor-widget elementor-widget-heading\" data-id=\"94700c2\" data-element_type=\"widget\" data-e-type=\"widget\" data-widget_type=\"heading.default\">\n\t\t\t\t<div class=\"elementor-widget-container\">\n\t\t\t\t\t<h2 class=\"elementor-heading-title elementor-size-default\">\u00d8nsket fremh\u00e6vet post<\/h2>\t\t\t\t<\/div>\n\t\t\t\t<\/div>\n\t\t\t\t<div class=\"elementor-element elementor-element-2a71e0c2 elementor-widget elementor-widget-text-editor\" data-id=\"2a71e0c2\" data-element_type=\"widget\" data-e-type=\"widget\" data-widget_type=\"text-editor.default\">\n\t\t\t\t<div class=\"elementor-widget-container\">\n\t\t\t\t\t\t\t\t\t<p>Diverse br\u00f8dtekst<\/p>\n\t\t\t\t\t\t\t\t<\/div>\n\t\t\t\t<\/div>\n\t\t\t\t<div class=\"elementor-element elementor-element-852d07c elementor-widget elementor-widget-button\" data-id=\"852d07c\" data-element_type=\"widget\" data-e-type=\"widget\" data-widget_type=\"button.default\">\n\t\t\t\t<div class=\"elementor-widget-container\">\n\t\t\t\t\t\t\t\t\t<div class=\"elementor-button-wrapper\">\n\t\t\t\t\t<a class=\"elementor-button elementor-button-link elementor-size-sm\" href=\"https:\/\/sulisitsisut.gl\/nyheder\/ny-vejledning-til-den-nye-lov-om-barsel\/\">\n\t\t\t\t\t\t<span class=\"elementor-button-content-wrapper\">\n\t\t\t\t\t\t<span class=\"elementor-button-icon\">\n\t\t\t\t<i aria-hidden=\"true\" class=\"far fa-angle-right\"><\/i>\t\t\t<\/span>\n\t\t\t\t\t\t\t\t\t<span class=\"elementor-button-text\">Read post<\/span>\n\t\t\t\t\t<\/span>\n\t\t\t\t\t<\/a>\n\t\t\t\t<\/div>\n\t\t\t\t\t\t\t\t<\/div>\n\t\t\t\t<\/div>\n\t\t\t\t\t<\/div>\n\t\t<\/div>\n\t\t\t\t\t<\/div>\n\t\t<\/section>\n\t\t\t\t\t<\/div>\n\t\t<\/div>\n\t\t\t\t\t<\/div>\n\t\t<\/section>\n\t\t\t\t<section class=\"elementor-section elementor-top-section elementor-element elementor-element-1f59a513 elementor-section-boxed elementor-section-height-default elementor-section-height-default\" data-id=\"1f59a513\" data-element_type=\"section\" data-e-type=\"section\" data-settings=\"{&quot;jet_parallax_layout_list&quot;:[]}\">\n\t\t\t\t\t\t<div class=\"elementor-container elementor-column-gap-default\">\n\t\t\t\t\t<div class=\"elementor-column elementor-col-100 elementor-top-column elementor-element elementor-element-10338797\" data-id=\"10338797\" data-element_type=\"column\" data-e-type=\"column\">\n\t\t\t<div class=\"elementor-widget-wrap elementor-element-populated\">\n\t\t\t\t\t\t<div class=\"elementor-element elementor-element-87381be elementor-grid-4 elementor-posts--align-left elementor-posts__hover-none elementor-grid-tablet-2 elementor-grid-mobile-1 elementor-posts--thumbnail-top elementor-widget elementor-widget-posts\" data-id=\"87381be\" data-element_type=\"widget\" data-e-type=\"widget\" data-settings=\"{&quot;cards_columns&quot;:&quot;4&quot;,&quot;cards_row_gap&quot;:{&quot;unit&quot;:&quot;px&quot;,&quot;size&quot;:0,&quot;sizes&quot;:[]},&quot;cards_columns_tablet&quot;:&quot;2&quot;,&quot;cards_columns_mobile&quot;:&quot;1&quot;,&quot;cards_row_gap_tablet&quot;:{&quot;unit&quot;:&quot;px&quot;,&quot;size&quot;:&quot;&quot;,&quot;sizes&quot;:[]},&quot;cards_row_gap_mobile&quot;:{&quot;unit&quot;:&quot;px&quot;,&quot;size&quot;:&quot;&quot;,&quot;sizes&quot;:[]}}\" data-widget_type=\"posts.cards\">\n\t\t\t\t<div class=\"elementor-widget-container\">\n\t\t\t\t\t\t\t<div class=\"elementor-posts-container elementor-posts elementor-posts--skin-cards elementor-grid\" role=\"list\">\n\t\t\t\t<article class=\"elementor-post elementor-grid-item post-18224 i_fokus type-i_fokus status-publish has-post-thumbnail hentry\" role=\"listitem\">\n\t\t\t<div class=\"elementor-post__card\">\n\t\t\t\t<a class=\"elementor-post__thumbnail__link\" href=\"https:\/\/sulisitsisut.gl\/en\/i-fokus\/artikel-i-bygge-anlaegsavisenordatlantisk-byggeri\/\" tabindex=\"-1\" ><div class=\"elementor-post__thumbnail\"><img decoding=\"async\" width=\"229\" height=\"300\" src=\"https:\/\/sulisitsisut.gl\/wp-content\/uploads\/2026\/03\/Billede12-229x300.jpg\" class=\"attachment-medium size-medium wp-image-18228\" alt=\"\" srcset=\"https:\/\/sulisitsisut.gl\/wp-content\/uploads\/2026\/03\/Billede12-229x300.jpg 229w, https:\/\/sulisitsisut.gl\/wp-content\/uploads\/2026\/03\/Billede12-783x1024.jpg 783w, https:\/\/sulisitsisut.gl\/wp-content\/uploads\/2026\/03\/Billede12-768x1004.jpg 768w, https:\/\/sulisitsisut.gl\/wp-content\/uploads\/2026\/03\/Billede12-1175x1536.jpg 1175w, https:\/\/sulisitsisut.gl\/wp-content\/uploads\/2026\/03\/Billede12-1567x2048.jpg 1567w, https:\/\/sulisitsisut.gl\/wp-content\/uploads\/2026\/03\/Billede12.jpg 1660w\" sizes=\"(max-width: 229px) 100vw, 229px\" \/><\/div><\/a>\n\t\t\t\t<div class=\"elementor-post__text\">\n\t\t\t\t<h3 class=\"elementor-post__title\">\n\t\t\t<a href=\"https:\/\/sulisitsisut.gl\/en\/i-fokus\/artikel-i-bygge-anlaegsavisenordatlantisk-byggeri\/\" >\n\t\t\t\tArtikel i Bygge &amp; Anl\u00e6gsavisenordatlantisk byggeri\t\t\t<\/a>\n\t\t<\/h3>\n\t\t\t\t<div class=\"elementor-post__excerpt\">\n\t\t\t\t\t<\/div>\n\t\t\n\t\t<a class=\"elementor-post__read-more\" href=\"https:\/\/sulisitsisut.gl\/en\/i-fokus\/artikel-i-bygge-anlaegsavisenordatlantisk-byggeri\/\" aria-label=\"Read more about Artikel i Bygge &amp; Anl\u00e6gsavisenordatlantisk byggeri\" tabindex=\"-1\" >\n\t\t\tRead more\t\t<\/a>\n\n\t\t\t\t<\/div>\n\t\t\t\t\t<\/div>\n\t\t<\/article>\n\t\t\t\t<article class=\"elementor-post elementor-grid-item post-17021 i_fokus type-i_fokus status-publish has-post-thumbnail hentry\" role=\"listitem\">\n\t\t\t<div class=\"elementor-post__card\">\n\t\t\t\t<a class=\"elementor-post__thumbnail__link\" href=\"https:\/\/sulisitsisut.gl\/en\/i-fokus\/leverandoer-til-forsvaret\/\" tabindex=\"-1\" ><div class=\"elementor-post__thumbnail\"><img decoding=\"async\" width=\"300\" height=\"132\" src=\"https:\/\/sulisitsisut.gl\/wp-content\/uploads\/2025\/11\/Billede1-300x132.png\" class=\"attachment-medium size-medium wp-image-17025\" alt=\"\" srcset=\"https:\/\/sulisitsisut.gl\/wp-content\/uploads\/2025\/11\/Billede1-300x132.png 300w, https:\/\/sulisitsisut.gl\/wp-content\/uploads\/2025\/11\/Billede1.png 624w\" sizes=\"(max-width: 300px) 100vw, 300px\" \/><\/div><\/a>\n\t\t\t\t<div class=\"elementor-post__text\">\n\t\t\t\t<h3 class=\"elementor-post__title\">\n\t\t\t<a href=\"https:\/\/sulisitsisut.gl\/en\/i-fokus\/leverandoer-til-forsvaret\/\" >\n\t\t\t\tLeverand\u00f8r til Forsvaret\t\t\t<\/a>\n\t\t<\/h3>\n\t\t\t\t<div class=\"elementor-post__excerpt\">\n\t\t\t<p>Gr\u00f8nlands Erhverv f\u00e5r ofte sp\u00f8rgsm\u00e5l fra vores medlemsvirksomheder, om hvordan&#8230;<\/p>\n\t\t<\/div>\n\t\t\n\t\t<a class=\"elementor-post__read-more\" href=\"https:\/\/sulisitsisut.gl\/en\/i-fokus\/leverandoer-til-forsvaret\/\" aria-label=\"Read more about Leverand\u00f8r til Forsvaret\" tabindex=\"-1\" >\n\t\t\tRead more\t\t<\/a>\n\n\t\t\t\t<\/div>\n\t\t\t\t\t<\/div>\n\t\t<\/article>\n\t\t\t\t<article class=\"elementor-post elementor-grid-item post-16378 i_fokus type-i_fokus status-publish has-post-thumbnail hentry\" role=\"listitem\">\n\t\t\t<div class=\"elementor-post__card\">\n\t\t\t\t<a class=\"elementor-post__thumbnail__link\" href=\"https:\/\/sulisitsisut.gl\/en\/i-fokus\/kollega-med-vilje\/\" tabindex=\"-1\" ><div class=\"elementor-post__thumbnail\"><img loading=\"lazy\" decoding=\"async\" width=\"300\" height=\"185\" src=\"https:\/\/sulisitsisut.gl\/wp-content\/uploads\/2023\/04\/Christian-og-Bent1-300x185.jpg\" class=\"attachment-medium size-medium wp-image-10543\" alt=\"\" srcset=\"https:\/\/sulisitsisut.gl\/wp-content\/uploads\/2023\/04\/Christian-og-Bent1-300x185.jpg 300w, https:\/\/sulisitsisut.gl\/wp-content\/uploads\/2023\/04\/Christian-og-Bent1-1024x633.jpg 1024w, https:\/\/sulisitsisut.gl\/wp-content\/uploads\/2023\/04\/Christian-og-Bent1-768x474.jpg 768w, https:\/\/sulisitsisut.gl\/wp-content\/uploads\/2023\/04\/Christian-og-Bent1.jpg 1402w\" sizes=\"(max-width: 300px) 100vw, 300px\" \/><\/div><\/a>\n\t\t\t\t<div class=\"elementor-post__text\">\n\t\t\t\t<h3 class=\"elementor-post__title\">\n\t\t\t<a href=\"https:\/\/sulisitsisut.gl\/en\/i-fokus\/kollega-med-vilje\/\" >\n\t\t\t\tKollega med Vilje\t\t\t<\/a>\n\t\t<\/h3>\n\t\t\t\t<div class=\"elementor-post__excerpt\">\n\t\t\t<p>Fra efter\u00e5ret 2025 st\u00e5r Gr\u00f8nlands Erhverv bag en indsats for&#8230;<\/p>\n\t\t<\/div>\n\t\t\n\t\t<a class=\"elementor-post__read-more\" href=\"https:\/\/sulisitsisut.gl\/en\/i-fokus\/kollega-med-vilje\/\" aria-label=\"Read more about Kollega med Vilje\" tabindex=\"-1\" >\n\t\t\tRead more\t\t<\/a>\n\n\t\t\t\t<\/div>\n\t\t\t\t\t<\/div>\n\t\t<\/article>\n\t\t\t\t<article class=\"elementor-post elementor-grid-item post-12614 i_fokus type-i_fokus status-publish hentry\" role=\"listitem\">\n\t\t\t<div class=\"elementor-post__card\">\n\t\t\t\t<div class=\"elementor-post__text\">\n\t\t\t\t<h3 class=\"elementor-post__title\">\n\t\t\t<a href=\"https:\/\/sulisitsisut.gl\/en\/i-fokus\/future-greenland-2024\/\" >\n\t\t\t\tFuture Greenland 2024\t\t\t<\/a>\n\t\t<\/h3>\n\t\t\t\t<div class=\"elementor-post__excerpt\">\n\t\t\t<p>UNLOCKING THE POTENTIAL OF A SUSTAINABLE GREENLAND \u2013 WHY, HOW&#8230;<\/p>\n\t\t<\/div>\n\t\t\n\t\t<a class=\"elementor-post__read-more\" href=\"https:\/\/sulisitsisut.gl\/en\/i-fokus\/future-greenland-2024\/\" aria-label=\"Read more about Future Greenland 2024\" tabindex=\"-1\" >\n\t\t\tRead more\t\t<\/a>\n\n\t\t\t\t<\/div>\n\t\t\t\t\t<\/div>\n\t\t<\/article>\n\t\t\t\t<article class=\"elementor-post elementor-grid-item post-7226 i_fokus type-i_fokus status-publish has-post-thumbnail hentry\" role=\"listitem\">\n\t\t\t<div class=\"elementor-post__card\">\n\t\t\t\t<a class=\"elementor-post__thumbnail__link\" href=\"https:\/\/sulisitsisut.gl\/en\/i-fokus\/pdac-2022\/\" tabindex=\"-1\" ><div class=\"elementor-post__thumbnail\"><img loading=\"lazy\" decoding=\"async\" width=\"300\" height=\"169\" src=\"https:\/\/sulisitsisut.gl\/wp-content\/uploads\/2024\/01\/Skaermbillede-2024-01-11-131746-300x169.png\" class=\"attachment-medium size-medium wp-image-12616\" alt=\"\" srcset=\"https:\/\/sulisitsisut.gl\/wp-content\/uploads\/2024\/01\/Skaermbillede-2024-01-11-131746-300x169.png 300w, https:\/\/sulisitsisut.gl\/wp-content\/uploads\/2024\/01\/Skaermbillede-2024-01-11-131746-768x432.png 768w, https:\/\/sulisitsisut.gl\/wp-content\/uploads\/2024\/01\/Skaermbillede-2024-01-11-131746.png 781w\" sizes=\"(max-width: 300px) 100vw, 300px\" \/><\/div><\/a>\n\t\t\t\t<div class=\"elementor-post__text\">\n\t\t\t\t<h3 class=\"elementor-post__title\">\n\t\t\t<a href=\"https:\/\/sulisitsisut.gl\/en\/i-fokus\/pdac-2022\/\" >\n\t\t\t\tPDAC 2024\t\t\t<\/a>\n\t\t<\/h3>\n\t\t\t\t<div class=\"elementor-post__excerpt\">\n\t\t\t<p>PDAC 2024: The World\u2019s Premier Mineral Exploration &amp; Mining Convention&#8230;<\/p>\n\t\t<\/div>\n\t\t\n\t\t<a class=\"elementor-post__read-more\" href=\"https:\/\/sulisitsisut.gl\/en\/i-fokus\/pdac-2022\/\" aria-label=\"Read more about PDAC 2024\" tabindex=\"-1\" >\n\t\t\tRead more\t\t<\/a>\n\n\t\t\t\t<\/div>\n\t\t\t\t\t<\/div>\n\t\t<\/article>\n\t\t\t\t<article class=\"elementor-post elementor-grid-item post-6581 i_fokus type-i_fokus status-publish has-post-thumbnail hentry\" role=\"listitem\">\n\t\t\t<div class=\"elementor-post__card\">\n\t\t\t\t<a class=\"elementor-post__thumbnail__link\" href=\"https:\/\/sulisitsisut.gl\/en\/i-fokus\/labour-market\/\" tabindex=\"-1\" ><div class=\"elementor-post__thumbnail\"><img loading=\"lazy\" decoding=\"async\" width=\"300\" height=\"200\" src=\"https:\/\/sulisitsisut.gl\/wp-content\/uploads\/2020\/12\/GE-byggeplads-55-of-85-300x200.jpg\" class=\"attachment-medium size-medium wp-image-6546\" alt=\"\" srcset=\"https:\/\/sulisitsisut.gl\/wp-content\/uploads\/2020\/12\/GE-byggeplads-55-of-85-300x200.jpg 300w, https:\/\/sulisitsisut.gl\/wp-content\/uploads\/2020\/12\/GE-byggeplads-55-of-85-1024x683.jpg 1024w, https:\/\/sulisitsisut.gl\/wp-content\/uploads\/2020\/12\/GE-byggeplads-55-of-85-768x512.jpg 768w, https:\/\/sulisitsisut.gl\/wp-content\/uploads\/2020\/12\/GE-byggeplads-55-of-85-1536x1024.jpg 1536w, https:\/\/sulisitsisut.gl\/wp-content\/uploads\/2020\/12\/GE-byggeplads-55-of-85-2048x1365.jpg 2048w\" sizes=\"(max-width: 300px) 100vw, 300px\" \/><\/div><\/a>\n\t\t\t\t<div class=\"elementor-post__text\">\n\t\t\t\t<h3 class=\"elementor-post__title\">\n\t\t\t<a href=\"https:\/\/sulisitsisut.gl\/en\/i-fokus\/labour-market\/\" >\n\t\t\t\tLabour Market\t\t\t<\/a>\n\t\t<\/h3>\n\t\t\t\t<div class=\"elementor-post__excerpt\">\n\t\t\t<p>Greenland faces an exciting future with new airports, increasing tourism,&#8230;<\/p>\n\t\t<\/div>\n\t\t\n\t\t<a class=\"elementor-post__read-more\" href=\"https:\/\/sulisitsisut.gl\/en\/i-fokus\/labour-market\/\" aria-label=\"Read more about Labour Market\" tabindex=\"-1\" >\n\t\t\tRead more\t\t<\/a>\n\n\t\t\t\t<\/div>\n\t\t\t\t\t<\/div>\n\t\t<\/article>\n\t\t\t\t<article class=\"elementor-post elementor-grid-item post-6564 i_fokus type-i_fokus status-publish has-post-thumbnail hentry\" role=\"listitem\">\n\t\t\t<div class=\"elementor-post__card\">\n\t\t\t\t<a class=\"elementor-post__thumbnail__link\" href=\"https:\/\/sulisitsisut.gl\/en\/i-fokus\/sustainability-and-csr\/\" tabindex=\"-1\" ><div class=\"elementor-post__thumbnail\"><img loading=\"lazy\" decoding=\"async\" width=\"300\" height=\"194\" src=\"https:\/\/sulisitsisut.gl\/wp-content\/uploads\/2022\/03\/the-global-goals-grid-color-300x194.png\" class=\"attachment-medium size-medium wp-image-6553\" alt=\"\" srcset=\"https:\/\/sulisitsisut.gl\/wp-content\/uploads\/2022\/03\/the-global-goals-grid-color-300x194.png 300w, https:\/\/sulisitsisut.gl\/wp-content\/uploads\/2022\/03\/the-global-goals-grid-color-1024x663.png 1024w, https:\/\/sulisitsisut.gl\/wp-content\/uploads\/2022\/03\/the-global-goals-grid-color-768x497.png 768w, https:\/\/sulisitsisut.gl\/wp-content\/uploads\/2022\/03\/the-global-goals-grid-color-1536x994.png 1536w, https:\/\/sulisitsisut.gl\/wp-content\/uploads\/2022\/03\/the-global-goals-grid-color-2048x1325.png 2048w\" sizes=\"(max-width: 300px) 100vw, 300px\" \/><\/div><\/a>\n\t\t\t\t<div class=\"elementor-post__text\">\n\t\t\t\t<h3 class=\"elementor-post__title\">\n\t\t\t<a href=\"https:\/\/sulisitsisut.gl\/en\/i-fokus\/sustainability-and-csr\/\" >\n\t\t\t\tSustainability &#038; CSR\t\t\t<\/a>\n\t\t<\/h3>\n\t\t\t\t<div class=\"elementor-post__excerpt\">\n\t\t\t<p>The UN Sustainable Development Goals (SDGs) and the Paris Agreement&#8230;<\/p>\n\t\t<\/div>\n\t\t\n\t\t<a class=\"elementor-post__read-more\" href=\"https:\/\/sulisitsisut.gl\/en\/i-fokus\/sustainability-and-csr\/\" aria-label=\"Read more about Sustainability &#038; CSR\" tabindex=\"-1\" >\n\t\t\tRead more\t\t<\/a>\n\n\t\t\t\t<\/div>\n\t\t\t\t\t<\/div>\n\t\t<\/article>\n\t\t\t\t<article class=\"elementor-post elementor-grid-item post-6580 i_fokus type-i_fokus status-publish has-post-thumbnail hentry\" role=\"listitem\">\n\t\t\t<div class=\"elementor-post__card\">\n\t\t\t\t<a class=\"elementor-post__thumbnail__link\" href=\"https:\/\/sulisitsisut.gl\/en\/i-fokus\/settlement-and-demography\/\" tabindex=\"-1\" ><div class=\"elementor-post__thumbnail\"><img loading=\"lazy\" decoding=\"async\" width=\"300\" height=\"200\" src=\"https:\/\/sulisitsisut.gl\/wp-content\/uploads\/2022\/03\/Tasiilaq-3-Astrid-Maria-Spring-Oberg-300x200.jpg\" class=\"attachment-medium size-medium wp-image-6558\" alt=\"\" srcset=\"https:\/\/sulisitsisut.gl\/wp-content\/uploads\/2022\/03\/Tasiilaq-3-Astrid-Maria-Spring-Oberg-300x200.jpg 300w, https:\/\/sulisitsisut.gl\/wp-content\/uploads\/2022\/03\/Tasiilaq-3-Astrid-Maria-Spring-Oberg-1024x683.jpg 1024w, https:\/\/sulisitsisut.gl\/wp-content\/uploads\/2022\/03\/Tasiilaq-3-Astrid-Maria-Spring-Oberg-768x512.jpg 768w, https:\/\/sulisitsisut.gl\/wp-content\/uploads\/2022\/03\/Tasiilaq-3-Astrid-Maria-Spring-Oberg-1536x1024.jpg 1536w, https:\/\/sulisitsisut.gl\/wp-content\/uploads\/2022\/03\/Tasiilaq-3-Astrid-Maria-Spring-Oberg-2048x1365.jpg 2048w\" sizes=\"(max-width: 300px) 100vw, 300px\" \/><\/div><\/a>\n\t\t\t\t<div class=\"elementor-post__text\">\n\t\t\t\t<h3 class=\"elementor-post__title\">\n\t\t\t<a href=\"https:\/\/sulisitsisut.gl\/en\/i-fokus\/settlement-and-demography\/\" >\n\t\t\t\tSettlement and Demography\t\t\t<\/a>\n\t\t<\/h3>\n\t\t\t\t<div class=\"elementor-post__excerpt\">\n\t\t\t<p>Nearly all societies experience urbanisation and a concentration of its&#8230;<\/p>\n\t\t<\/div>\n\t\t\n\t\t<a class=\"elementor-post__read-more\" href=\"https:\/\/sulisitsisut.gl\/en\/i-fokus\/settlement-and-demography\/\" aria-label=\"Read more about Settlement and Demography\" tabindex=\"-1\" >\n\t\t\tRead more\t\t<\/a>\n\n\t\t\t\t<\/div>\n\t\t\t\t\t<\/div>\n\t\t<\/article>\n\t\t\t\t<article class=\"elementor-post elementor-grid-item post-4537 i_fokus type-i_fokus status-publish has-post-thumbnail hentry\" role=\"listitem\">\n\t\t\t<div class=\"elementor-post__card\">\n\t\t\t\t<a class=\"elementor-post__thumbnail__link\" href=\"https:\/\/sulisitsisut.gl\/en\/i-fokus\/education\/\" tabindex=\"-1\" ><div class=\"elementor-post__thumbnail\"><img loading=\"lazy\" decoding=\"async\" width=\"300\" height=\"105\" src=\"https:\/\/sulisitsisut.gl\/wp-content\/uploads\/2021\/09\/hero_img-300x105.png\" class=\"attachment-medium size-medium wp-image-4509\" alt=\"\" srcset=\"https:\/\/sulisitsisut.gl\/wp-content\/uploads\/2021\/09\/hero_img-300x105.png 300w, https:\/\/sulisitsisut.gl\/wp-content\/uploads\/2021\/09\/hero_img-1024x358.png 1024w, https:\/\/sulisitsisut.gl\/wp-content\/uploads\/2021\/09\/hero_img-768x268.png 768w, https:\/\/sulisitsisut.gl\/wp-content\/uploads\/2021\/09\/hero_img-1536x537.png 1536w, https:\/\/sulisitsisut.gl\/wp-content\/uploads\/2021\/09\/hero_img.png 1920w\" sizes=\"(max-width: 300px) 100vw, 300px\" \/><\/div><\/a>\n\t\t\t\t<div class=\"elementor-post__text\">\n\t\t\t\t<h3 class=\"elementor-post__title\">\n\t\t\t<a href=\"https:\/\/sulisitsisut.gl\/en\/i-fokus\/education\/\" >\n\t\t\t\tEducation\t\t\t<\/a>\n\t\t<\/h3>\n\t\t\t\t<div class=\"elementor-post__excerpt\">\n\t\t\t<p>Our children deserve a better future Without a qualified greenlandic&#8230;<\/p>\n\t\t<\/div>\n\t\t\n\t\t<a class=\"elementor-post__read-more\" href=\"https:\/\/sulisitsisut.gl\/en\/i-fokus\/education\/\" aria-label=\"Read more about Education\" tabindex=\"-1\" >\n\t\t\tRead more\t\t<\/a>\n\n\t\t\t\t<\/div>\n\t\t\t\t\t<\/div>\n\t\t<\/article>\n\t\t\t\t<article class=\"elementor-post elementor-grid-item post-4535 i_fokus type-i_fokus status-publish has-post-thumbnail hentry\" role=\"listitem\">\n\t\t\t<div class=\"elementor-post__card\">\n\t\t\t\t<a class=\"elementor-post__thumbnail__link\" href=\"https:\/\/sulisitsisut.gl\/en\/i-fokus\/the-future-of-fishing\/\" tabindex=\"-1\" ><div class=\"elementor-post__thumbnail\"><img loading=\"lazy\" decoding=\"async\" width=\"300\" height=\"225\" src=\"https:\/\/sulisitsisut.gl\/wp-content\/uploads\/2021\/12\/fisk-300x225.jpg\" class=\"attachment-medium size-medium wp-image-2435\" alt=\"\" srcset=\"https:\/\/sulisitsisut.gl\/wp-content\/uploads\/2021\/12\/fisk-300x225.jpg 300w, https:\/\/sulisitsisut.gl\/wp-content\/uploads\/2021\/12\/fisk-768x576.jpg 768w, https:\/\/sulisitsisut.gl\/wp-content\/uploads\/2021\/12\/fisk.jpg 960w\" sizes=\"(max-width: 300px) 100vw, 300px\" \/><\/div><\/a>\n\t\t\t\t<div class=\"elementor-post__text\">\n\t\t\t\t<h3 class=\"elementor-post__title\">\n\t\t\t<a href=\"https:\/\/sulisitsisut.gl\/en\/i-fokus\/the-future-of-fishing\/\" >\n\t\t\t\tThe future of fishing\t\t\t<\/a>\n\t\t<\/h3>\n\t\t\t\t<div class=\"elementor-post__excerpt\">\n\t\t\t<p>Fishing is our primary business sector and is fundamental to&#8230;<\/p>\n\t\t<\/div>\n\t\t\n\t\t<a class=\"elementor-post__read-more\" href=\"https:\/\/sulisitsisut.gl\/en\/i-fokus\/the-future-of-fishing\/\" aria-label=\"Read more about The future of fishing\" tabindex=\"-1\" >\n\t\t\tRead more\t\t<\/a>\n\n\t\t\t\t<\/div>\n\t\t\t\t\t<\/div>\n\t\t<\/article>\n\t\t\t\t<article class=\"elementor-post elementor-grid-item post-4536 i_fokus type-i_fokus status-publish has-post-thumbnail hentry\" role=\"listitem\">\n\t\t\t<div class=\"elementor-post__card\">\n\t\t\t\t<a class=\"elementor-post__thumbnail__link\" href=\"https:\/\/sulisitsisut.gl\/en\/i-fokus\/future-greenland-2022\/\" tabindex=\"-1\" ><div class=\"elementor-post__thumbnail\"><img loading=\"lazy\" decoding=\"async\" width=\"300\" height=\"284\" src=\"https:\/\/sulisitsisut.gl\/wp-content\/uploads\/2021\/12\/Skaermbillede-59-300x284.png\" class=\"attachment-medium size-medium wp-image-2430\" alt=\"\" srcset=\"https:\/\/sulisitsisut.gl\/wp-content\/uploads\/2021\/12\/Skaermbillede-59-300x284.png 300w, https:\/\/sulisitsisut.gl\/wp-content\/uploads\/2021\/12\/Skaermbillede-59.png 685w\" sizes=\"(max-width: 300px) 100vw, 300px\" \/><\/div><\/a>\n\t\t\t\t<div class=\"elementor-post__text\">\n\t\t\t\t<h3 class=\"elementor-post__title\">\n\t\t\t<a href=\"https:\/\/sulisitsisut.gl\/en\/i-fokus\/future-greenland-2022\/\" >\n\t\t\t\tFuture Greenland 2022\t\t\t<\/a>\n\t\t<\/h3>\n\t\t\t\t<div class=\"elementor-post__excerpt\">\n\t\t\t<p>For the 7th time, Greenland Business Association held Future Greenland&#8230;<\/p>\n\t\t<\/div>\n\t\t\n\t\t<a class=\"elementor-post__read-more\" href=\"https:\/\/sulisitsisut.gl\/en\/i-fokus\/future-greenland-2022\/\" aria-label=\"Read more about Future Greenland 2022\" tabindex=\"-1\" >\n\t\t\tRead more\t\t<\/a>\n\n\t\t\t\t<\/div>\n\t\t\t\t\t<\/div>\n\t\t<\/article>\n\t\t\t\t<\/div>\n\t\t\n\t\t\t\t\t\t<\/div>\n\t\t\t\t<\/div>\n\t\t\t\t\t<\/div>\n\t\t<\/div>\n\t\t\t\t\t<\/div>\n\t\t<\/section>\n\t\t\t\t<\/div>\n\t\t","protected":false},"excerpt":{"rendered":"<p>\u00d8nsket fremh\u00e6vet post Diverse br\u00f8dtekst Read post<\/p>\n","protected":false},"author":1,"featured_media":0,"parent":0,"menu_order":0,"comment_status":"closed","ping_status":"closed","template":"","meta":{"_acf_changed":false,"footnotes":""},"kategorier_sider":[],"class_list":["post-4188","page","type-page","status-publish","hentry"],"acf":[],"_links":{"self":[{"href":"https:\/\/sulisitsisut.gl\/en\/wp-json\/wp\/v2\/pages\/4188","targetHints":{"allow":["GET"]}}],"collection":[{"href":"https:\/\/sulisitsisut.gl\/en\/wp-json\/wp\/v2\/pages"}],"about":[{"href":"https:\/\/sulisitsisut.gl\/en\/wp-json\/wp\/v2\/types\/page"}],"author":[{"embeddable":true,"href":"https:\/\/sulisitsisut.gl\/en\/wp-json\/wp\/v2\/users\/1"}],"replies":[{"embeddable":true,"href":"https:\/\/sulisitsisut.gl\/en\/wp-json\/wp\/v2\/comments?post=4188"}],"version-history":[{"count":4,"href":"https:\/\/sulisitsisut.gl\/en\/wp-json\/wp\/v2\/pages\/4188\/revisions"}],"predecessor-version":[{"id":4612,"href":"https:\/\/sulisitsisut.gl\/en\/wp-json\/wp\/v2\/pages\/4188\/revisions\/4612"}],"wp:attachment":[{"href":"https:\/\/sulisitsisut.gl\/en\/wp-json\/wp\/v2\/media?parent=4188"}],"wp:term":[{"taxonomy":"kategorier_sider","embeddable":true,"href":"https:\/\/sulisitsisut.gl\/en\/wp-json\/wp\/v2\/kategorier_sider?post=4188"}],"curies":[{"name":"wp","href":"https:\/\/api.w.org\/{rel}","templated":true}]}}