{"id":3951,"date":"2022-01-11T18:27:43","date_gmt":"2022-01-11T17:27:43","guid":{"rendered":"http:\/\/sulisitsisut.gl\/activities\/"},"modified":"2022-01-11T18:27:43","modified_gmt":"2022-01-11T17:27:43","slug":"activities","status":"publish","type":"page","link":"https:\/\/sulisitsisut.gl\/en\/activities\/","title":{"rendered":"Activities"},"content":{"rendered":"\t\t<div data-elementor-type=\"wp-page\" data-elementor-id=\"3951\" class=\"elementor elementor-3951 elementor-1764\" data-elementor-post-type=\"page\">\n\t\t\t\t\t\t<section class=\"elementor-section elementor-top-section elementor-element elementor-element-188c0c8 elementor-section-boxed elementor-section-height-default elementor-section-height-default\" data-id=\"188c0c8\" data-element_type=\"section\" data-e-type=\"section\" data-settings=\"{&quot;jet_parallax_layout_list&quot;:[]}\">\n\t\t\t\t\t\t<div class=\"elementor-container elementor-column-gap-default\">\n\t\t\t\t\t<div class=\"elementor-column elementor-col-100 elementor-top-column elementor-element elementor-element-6234174\" data-id=\"6234174\" data-element_type=\"column\" data-e-type=\"column\">\n\t\t\t<div class=\"elementor-widget-wrap elementor-element-populated\">\n\t\t\t\t\t\t\t<\/div>\n\t\t<\/div>\n\t\t\t\t\t<\/div>\n\t\t<\/section>\n\t\t\t\t<section class=\"elementor-section elementor-top-section elementor-element elementor-element-39e9eb7 elementor-section-boxed elementor-section-height-default elementor-section-height-default\" data-id=\"39e9eb7\" data-element_type=\"section\" data-e-type=\"section\" data-settings=\"{&quot;background_background&quot;:&quot;classic&quot;,&quot;jet_parallax_layout_list&quot;:[]}\">\n\t\t\t\t\t\t<div class=\"elementor-container elementor-column-gap-default\">\n\t\t\t\t\t<div class=\"elementor-column elementor-col-100 elementor-top-column elementor-element elementor-element-41d2467\" data-id=\"41d2467\" data-element_type=\"column\" data-e-type=\"column\">\n\t\t\t<div class=\"elementor-widget-wrap elementor-element-populated\">\n\t\t\t\t\t\t<section class=\"elementor-section elementor-inner-section elementor-element elementor-element-e561f93 elementor-section-boxed elementor-section-height-default elementor-section-height-default\" data-id=\"e561f93\" data-element_type=\"section\" data-e-type=\"section\" data-settings=\"{&quot;jet_parallax_layout_list&quot;:[]}\">\n\t\t\t\t\t\t<div class=\"elementor-container elementor-column-gap-default\">\n\t\t\t\t\t<div class=\"elementor-column elementor-col-100 elementor-inner-column elementor-element elementor-element-2a46b11\" data-id=\"2a46b11\" data-element_type=\"column\" data-e-type=\"column\">\n\t\t\t<div class=\"elementor-widget-wrap elementor-element-populated\">\n\t\t\t\t\t\t<div class=\"elementor-element elementor-element-cb9ae20 elementor-posts--thumbnail-none elementor-posts--align-left elementor-posts__hover-none elementor-grid-3 elementor-grid-tablet-2 elementor-grid-mobile-1 elementor-card-shadow-yes load-more-align-center elementor-widget elementor-widget-posts\" data-id=\"cb9ae20\" data-element_type=\"widget\" data-e-type=\"widget\" data-settings=\"{&quot;cards_columns&quot;:&quot;3&quot;,&quot;cards_columns_tablet&quot;:&quot;2&quot;,&quot;cards_columns_mobile&quot;:&quot;1&quot;,&quot;cards_row_gap&quot;:{&quot;unit&quot;:&quot;px&quot;,&quot;size&quot;:35,&quot;sizes&quot;:[]},&quot;cards_row_gap_tablet&quot;:{&quot;unit&quot;:&quot;px&quot;,&quot;size&quot;:&quot;&quot;,&quot;sizes&quot;:[]},&quot;cards_row_gap_mobile&quot;:{&quot;unit&quot;:&quot;px&quot;,&quot;size&quot;:&quot;&quot;,&quot;sizes&quot;:[]},&quot;load_more_spinner&quot;:{&quot;value&quot;:&quot;fas fa-spinner&quot;,&quot;library&quot;:&quot;fa-solid&quot;}}\" data-widget_type=\"posts.cards\">\n\t\t\t\t<div class=\"elementor-widget-container\">\n\t\t\t\t\t\t\t<div class=\"elementor-posts-container elementor-posts elementor-posts--skin-cards elementor-grid\" role=\"list\">\n\t\t\t\t<article class=\"elementor-post elementor-grid-item post-17726 aktiviteter type-aktiviteter status-publish has-post-thumbnail hentry\" role=\"listitem\">\n\t\t\t<div class=\"elementor-post__card\">\n\t\t\t\t<div class=\"elementor-post__text\">\n\t\t\t\t<h3 class=\"elementor-post__title\">\n\t\t\t<a href=\"https:\/\/sulisitsisut.gl\/en\/aktiviteter\/rigging-lifting\/\" >\n\t\t\t\tRigging &amp; Lifting\t\t\t<\/a>\n\t\t<\/h3>\n\t\t\t\t<div class=\"elementor-post__excerpt\">\n\t\t\t<p>Vigtige kompetencer til mine- og entrepren\u00f8rbran- chen &#8211; is\u00e6r kranoperat\u00f8rer og medhj\u00e6lpere Indhold: Masser af praktiske \u00f8velser L\u00e6re at bruge l\u00f8fteredskaber p\u00e5 en sikker og ansvarlig mode. Kan bruges hvor der arbejdes med kraner og&#8230;<\/p>\n\t\t<\/div>\n\t\t\t\t<\/div>\n\t\t\t\t<div class=\"elementor-post__meta-data\">\n\t\t\t\t\t<span class=\"elementor-post-date\">\n\t\t\t28 January 2026\t\t<\/span>\n\t\t\t\t<\/div>\n\t\t\t\t\t<\/div>\n\t\t<\/article>\n\t\t\t\t<article class=\"elementor-post elementor-grid-item post-16036 aktiviteter type-aktiviteter status-publish hentry\" role=\"listitem\">\n\t\t\t<div class=\"elementor-post__card\">\n\t\t\t\t<div class=\"elementor-post__text\">\n\t\t\t\t<h3 class=\"elementor-post__title\">\n\t\t\t<a href=\"https:\/\/sulisitsisut.gl\/en\/aktiviteter\/ap-95\/\" >\n\t\t\t\tAP 95\t\t\t<\/a>\n\t\t<\/h3>\n\t\t\t\t<div class=\"elementor-post__excerpt\">\n\t\t\t<p>M\u00e5lgruppeBygningsh\u00e5ndv\u00e6rkere, entrepren\u00f8rer, bygherre og r\u00e5dgivere der besk\u00e6ftiger sig med entrepriseret.&nbsp; Forventet udbytteKendskab til det v\u00e6sentligste regelgrundlag for arbejder og leverancer inden for bygge- og anl\u00e6gsvirksomhed&nbsp; IndholdUd over en gennemgang af AP95 \u2013 f\u00e6lles betingelser for&#8230;<\/p>\n\t\t<\/div>\n\t\t\t\t<\/div>\n\t\t\t\t<div class=\"elementor-post__meta-data\">\n\t\t\t\t\t<span class=\"elementor-post-date\">\n\t\t\t26 January 2026\t\t<\/span>\n\t\t\t\t<\/div>\n\t\t\t\t\t<\/div>\n\t\t<\/article>\n\t\t\t\t<article class=\"elementor-post elementor-grid-item post-16370 aktiviteter type-aktiviteter status-publish hentry\" role=\"listitem\">\n\t\t\t<div class=\"elementor-post__card\">\n\t\t\t\t<div class=\"elementor-post__text\">\n\t\t\t\t<h3 class=\"elementor-post__title\">\n\t\t\t<a href=\"https:\/\/sulisitsisut.gl\/en\/aktiviteter\/koordinatoruddannelse-2\/\" >\n\t\t\t\tKoordinatoruddannelse\t\t\t<\/a>\n\t\t<\/h3>\n\t\t\t\t<div class=\"elementor-post__excerpt\">\n\t\t\t<p>M\u00e5lgruppe&nbsp;R\u00e5dgivere, arkitekter, entrepriseledere, projektledere og andre ledere p\u00e5 bygge- og anl\u00e6gsopgaver, som p\u00e5 vegne af bygherren skal varetage koordinatorfunktionen. Forventet udbytte&nbsp;Opfyldelse af de nye lovm\u00e6ssige krav til bygherrens koordinator, der g\u00f8r koordinatoren i stand til&#8230;<\/p>\n\t\t<\/div>\n\t\t\t\t<\/div>\n\t\t\t\t<div class=\"elementor-post__meta-data\">\n\t\t\t\t\t<span class=\"elementor-post-date\">\n\t\t\t9 July 2025\t\t<\/span>\n\t\t\t\t<\/div>\n\t\t\t\t\t<\/div>\n\t\t<\/article>\n\t\t\t\t<\/div>\n\t\t\t\t\t<span class=\"e-load-more-spinner\">\n\t\t\t\t<i aria-hidden=\"true\" class=\"fas fa-spinner\"><\/i>\t\t\t<\/span>\n\t\t\n\t\t\t\t<div class=\"e-load-more-anchor\" data-page=\"1\" data-max-page=\"5\" data-next-page=\"https:\/\/sulisitsisut.gl\/en\/wp-json\/wp\/v2\/pages\/3951\/page\/2\/\"><\/div>\n\t\t\t\t<div class=\"elementor-button-wrapper\">\n\t\t\t<a class=\"elementor-button elementor-size-sm\" role=\"button\">\n\t\t\t\t\t\t<span class=\"elementor-button-content-wrapper\">\n\t\t\t\t\t\t\t\t\t<span class=\"elementor-button-text\">Vis Flere<\/span>\n\t\t\t\t\t<\/span>\n\t\t\t\t\t<\/a>\n\t\t<\/div>\n\t\t\t\t<div class=\"e-load-more-message\"><\/div>\n\t\t\t\t\t\t<\/div>\n\t\t\t\t<\/div>\n\t\t\t\t\t<\/div>\n\t\t<\/div>\n\t\t\t\t\t<\/div>\n\t\t<\/section>\n\t\t\t\t\t<\/div>\n\t\t<\/div>\n\t\t\t\t\t<\/div>\n\t\t<\/section>\n\t\t\t\t<\/div>\n\t\t","protected":false},"excerpt":{"rendered":"","protected":false},"author":1,"featured_media":0,"parent":0,"menu_order":0,"comment_status":"closed","ping_status":"closed","template":"","meta":{"_acf_changed":false,"footnotes":""},"kategorier_sider":[],"class_list":["post-3951","page","type-page","status-publish","hentry"],"acf":[],"_links":{"self":[{"href":"https:\/\/sulisitsisut.gl\/en\/wp-json\/wp\/v2\/pages\/3951","targetHints":{"allow":["GET"]}}],"collection":[{"href":"https:\/\/sulisitsisut.gl\/en\/wp-json\/wp\/v2\/pages"}],"about":[{"href":"https:\/\/sulisitsisut.gl\/en\/wp-json\/wp\/v2\/types\/page"}],"author":[{"embeddable":true,"href":"https:\/\/sulisitsisut.gl\/en\/wp-json\/wp\/v2\/users\/1"}],"replies":[{"embeddable":true,"href":"https:\/\/sulisitsisut.gl\/en\/wp-json\/wp\/v2\/comments?post=3951"}],"version-history":[{"count":0,"href":"https:\/\/sulisitsisut.gl\/en\/wp-json\/wp\/v2\/pages\/3951\/revisions"}],"wp:attachment":[{"href":"https:\/\/sulisitsisut.gl\/en\/wp-json\/wp\/v2\/media?parent=3951"}],"wp:term":[{"taxonomy":"kategorier_sider","embeddable":true,"href":"https:\/\/sulisitsisut.gl\/en\/wp-json\/wp\/v2\/kategorier_sider?post=3951"}],"curies":[{"name":"wp","href":"https:\/\/api.w.org\/{rel}","templated":true}]}}