{"id":11499,"date":"2023-09-28T19:37:46","date_gmt":"2023-09-28T17:37:46","guid":{"rendered":"http:\/\/sulisitsisut.gl\/about-greenland-business-association\/local-branches\/qasigiannguit-lokalforening\/"},"modified":"2023-09-28T19:37:47","modified_gmt":"2023-09-28T17:37:47","slug":"qasigiannguit-lokalforening","status":"publish","type":"page","link":"https:\/\/sulisitsisut.gl\/en\/about-greenland-business-association\/local-branches\/qasigiannguit-lokalforening\/","title":{"rendered":"Qasigiannguit Lokalforening"},"content":{"rendered":"\n<p>Velkommen til Gr\u00f8nlands Erhverv\u00b4s lokalforening i Qasigiannguit.<\/p>\n\n<p>K&#8217;Aerssorassat 16<br\/>Postboks 193<br\/>3951 Qasigiannguit<br\/>CVR-nr.: 25 02 72 48<br\/>P-nr.: 10 15 52 73 03<\/p>\n\n<figure class=\"wp-block-table\"><table><tbody><tr><td><strong>Navn<\/strong><\/td><td><strong>Selskab<\/strong><\/td><td><strong>Mail<\/strong><\/td><td><strong>Mobil<\/strong><\/td><\/tr><tr><td>Jakob Jensen, Formand<\/td><td>T\u00f8mrer og Snedkerv\u00e6rksted<\/td><td><a href=\"qassanasut@gmail.com\">qassanasut@gmail.com  <\/a><\/td><td>54 01 25<\/td><\/tr><tr><td>Peter Lange, N\u00e6stformand<\/td><td>Malermester Peter Lange<\/td><td><a href=\"mailto:dorasandgreen@gmail.com\">dorasandgreen@gmail.com<\/a><\/td><td>54 05 54<\/td><\/tr><tr><td>Bent Andersen, Kasserer<\/td><td>VVS\/KBK Qasigiannguit ApS<\/td><td><a href=\"mailto:ba@vvsgas.gl\">ba@vvsgas.gl<\/a><\/td><td>54 81 00<\/td><\/tr><\/tbody><\/table><\/figure>\n","protected":false},"excerpt":{"rendered":"<p>Velkommen til Gr\u00f8nlands Erhverv\u00b4s lokalforening i Qasigiannguit. K&#8217;Aerssorassat 16Postboks 1933951 QasigiannguitCVR-nr.: 25 02 72 48P-nr.: 10 15 52 73 03 Navn Selskab Mail Mobil Jakob Jensen, Formand T\u00f8mrer og Snedkerv\u00e6rksted qassanasut@gmail.com 54 01 25 Peter Lange, N\u00e6stformand Malermester Peter Lange dorasandgreen@gmail.com 54 05 54 Bent Andersen, Kasserer VVS\/KBK Qasigiannguit ApS ba@vvsgas.gl 54 81 00<\/p>\n","protected":false},"author":2,"featured_media":0,"parent":4226,"menu_order":0,"comment_status":"closed","ping_status":"closed","template":"","meta":{"_acf_changed":false,"footnotes":""},"kategorier_sider":[33],"class_list":["post-11499","page","type-page","status-publish","hentry","kategorier_sider-sidebar-social-widget"],"acf":[],"_links":{"self":[{"href":"https:\/\/sulisitsisut.gl\/en\/wp-json\/wp\/v2\/pages\/11499","targetHints":{"allow":["GET"]}}],"collection":[{"href":"https:\/\/sulisitsisut.gl\/en\/wp-json\/wp\/v2\/pages"}],"about":[{"href":"https:\/\/sulisitsisut.gl\/en\/wp-json\/wp\/v2\/types\/page"}],"author":[{"embeddable":true,"href":"https:\/\/sulisitsisut.gl\/en\/wp-json\/wp\/v2\/users\/2"}],"replies":[{"embeddable":true,"href":"https:\/\/sulisitsisut.gl\/en\/wp-json\/wp\/v2\/comments?post=11499"}],"version-history":[{"count":0,"href":"https:\/\/sulisitsisut.gl\/en\/wp-json\/wp\/v2\/pages\/11499\/revisions"}],"up":[{"embeddable":true,"href":"https:\/\/sulisitsisut.gl\/en\/wp-json\/wp\/v2\/pages\/4226"}],"wp:attachment":[{"href":"https:\/\/sulisitsisut.gl\/en\/wp-json\/wp\/v2\/media?parent=11499"}],"wp:term":[{"taxonomy":"kategorier_sider","embeddable":true,"href":"https:\/\/sulisitsisut.gl\/en\/wp-json\/wp\/v2\/kategorier_sider?post=11499"}],"curies":[{"name":"wp","href":"https:\/\/api.w.org\/{rel}","templated":true}]}}